{"id":1939,"date":"2023-04-13T09:20:28","date_gmt":"2023-04-13T07:20:28","guid":{"rendered":"https:\/\/www.ewigerbund.org\/bayern\/?page_id=1939"},"modified":"2023-12-01T23:16:55","modified_gmt":"2023-12-01T22:16:55","slug":"strafprozess","status":"publish","type":"page","link":"https:\/\/www.ewigerbund.org\/bayern\/staatsrecht\/strafprozess\/","title":{"rendered":"Strafprozess."},"content":{"rendered":"\n<p>Der Strafprozess ist ein weiterer Rechtsbereich, dessen heute geltenden Regelungen auf das Deutsche Reich zur\u00fcckgehen, in welchem die heutige Strafprozessordnung am 1. Oktober 1879 in Kraft getreten ist.<\/p>\n\n\n\n<p>Das Strafprozessrecht regelt das Verfahren, welches zur Festsetzung der nach dem Strafrecht verwirkten Strafen einzuhalten ist. Das Zivilprozessrecht dagegen enth\u00e4lt die Vorschriften dar\u00fcber, auf welche Weise Streitigkeiten einzelner \u00fcber die ihnen nach dem b\u00fcrgerlichen Rechte zukommenden Verm\u00f6gens- und Familienrechte zum gerichtlichen Austrag gebracht werden, und wie diese Rechte, nachdem sie gerichtlich festgestellt worden sind, gegen\u00fcber Widerstrebenden zwangsweise durchgef\u00fchrt werden k\u00f6nnen.<\/p>\n\n\n\n<p>Neue Inhalte folgen in K\u00fcrze.<\/p>\n","protected":false},"excerpt":{"rendered":"<p>Der Strafprozess ist ein weiterer Rechtsbereich, dessen heute geltenden Regelungen auf das Deutsche Reich zur\u00fcckgehen, in welchem die heutige Strafprozessordnung am 1. Oktober 1879 in Kraft getreten ist. Das Strafprozessrecht regelt das Verfahren, welches zur Festsetzung der nach dem Strafrecht verwirkten Strafen einzuhalten ist. Das Zivilprozessrecht dagegen enth\u00e4lt die Vorschriften dar\u00fcber, auf welche Weise Streitigkeiten &#8230; <a title=\"Strafprozess.\" class=\"read-more\" href=\"https:\/\/www.ewigerbund.org\/bayern\/staatsrecht\/strafprozess\/\" aria-label=\"Mehr zu Strafprozess.\">Weiterlesen &#8230;<\/a><\/p>\n","protected":false},"author":1,"featured_media":4666,"parent":269,"menu_order":0,"comment_status":"closed","ping_status":"closed","template":"template-4-linke-seitenleiste.php","meta":{"footnotes":""},"categories":[6,5,94],"tags":[43,528,619],"class_list":["post-1939","page","type-page","status-publish","has-post-thumbnail","hentry","category-bayern","category-bundesstaat","category-staats-und-verwaltungsrecht","tag-koenigreich-bayern","tag-strafrecht","tag-verfahren"],"yoast_head":"<!-- This site is optimized with the Yoast SEO plugin v23.1 - https:\/\/yoast.com\/wordpress\/plugins\/seo\/ -->\n<title>Strafprozess. - K\u00f6nigreich Bayern<\/title>\n<meta name=\"description\" content=\"Das Strafprozessrecht ist ein weiterer Rechtsbereich, dessen heute geltenden Regelungen auf das Deutsche Reich zur\u00fcckgehen ...\" \/>\n<meta name=\"robots\" content=\"index, follow, max-snippet:-1, max-image-preview:large, max-video-preview:-1\" \/>\n<link rel=\"canonical\" href=\"https:\/\/www.ewigerbund.org\/bayern\/staatsrecht\/strafprozess\/\" \/>\n<meta property=\"og:locale\" content=\"de_DE\" \/>\n<meta property=\"og:type\" content=\"article\" \/>\n<meta property=\"og:title\" content=\"Strafprozess. - K\u00f6nigreich Bayern\" \/>\n<meta property=\"og:description\" content=\"Das Strafprozessrecht ist ein weiterer Rechtsbereich, dessen heute geltenden Regelungen auf das Deutsche Reich zur\u00fcckgehen ...\" \/>\n<meta property=\"og:url\" content=\"https:\/\/www.ewigerbund.org\/bayern\/staatsrecht\/strafprozess\/\" \/>\n<meta property=\"og:site_name\" content=\"K\u00f6nigreich Bayern\" \/>\n<meta property=\"article:modified_time\" content=\"2023-12-01T22:16:55+00:00\" \/>\n<meta property=\"og:image\" content=\"https:\/\/www.ewigerbund.org\/bayern\/wp-content\/uploads\/sites\/12\/2023\/12\/strafprozessrecht.jpg\" \/>\n\t<meta property=\"og:image:width\" content=\"1280\" \/>\n\t<meta property=\"og:image:height\" content=\"720\" \/>\n\t<meta property=\"og:image:type\" content=\"image\/jpeg\" \/>\n<meta name=\"twitter:card\" content=\"summary_large_image\" \/>\n<meta name=\"twitter:label1\" content=\"Gesch\u00e4tzte Lesezeit\" \/>\n\t<meta name=\"twitter:data1\" content=\"1\u00a0Minute\" \/>\n<script type=\"application\/ld+json\" class=\"yoast-schema-graph\">{\"@context\":\"https:\/\/schema.org\",\"@graph\":[{\"@type\":\"WebPage\",\"@id\":\"https:\/\/www.ewigerbund.org\/bayern\/staatsrecht\/strafprozess\/\",\"url\":\"https:\/\/www.ewigerbund.org\/bayern\/staatsrecht\/strafprozess\/\",\"name\":\"Strafprozess. - K\u00f6nigreich Bayern\",\"isPartOf\":{\"@id\":\"https:\/\/www.ewigerbund.org\/bayern\/#website\"},\"primaryImageOfPage\":{\"@id\":\"https:\/\/www.ewigerbund.org\/bayern\/staatsrecht\/strafprozess\/#primaryimage\"},\"image\":{\"@id\":\"https:\/\/www.ewigerbund.org\/bayern\/staatsrecht\/strafprozess\/#primaryimage\"},\"thumbnailUrl\":\"https:\/\/www.ewigerbund.org\/bayern\/wp-content\/uploads\/sites\/12\/2023\/12\/strafprozessrecht.jpg\",\"datePublished\":\"2023-04-13T07:20:28+00:00\",\"dateModified\":\"2023-12-01T22:16:55+00:00\",\"description\":\"Das Strafprozessrecht ist ein weiterer Rechtsbereich, dessen heute geltenden Regelungen auf das Deutsche Reich zur\u00fcckgehen ...\",\"breadcrumb\":{\"@id\":\"https:\/\/www.ewigerbund.org\/bayern\/staatsrecht\/strafprozess\/#breadcrumb\"},\"inLanguage\":\"de\",\"potentialAction\":[{\"@type\":\"ReadAction\",\"target\":[\"https:\/\/www.ewigerbund.org\/bayern\/staatsrecht\/strafprozess\/\"]}]},{\"@type\":\"ImageObject\",\"inLanguage\":\"de\",\"@id\":\"https:\/\/www.ewigerbund.org\/bayern\/staatsrecht\/strafprozess\/#primaryimage\",\"url\":\"https:\/\/www.ewigerbund.org\/bayern\/wp-content\/uploads\/sites\/12\/2023\/12\/strafprozessrecht.jpg\",\"contentUrl\":\"https:\/\/www.ewigerbund.org\/bayern\/wp-content\/uploads\/sites\/12\/2023\/12\/strafprozessrecht.jpg\",\"width\":1280,\"height\":720},{\"@type\":\"BreadcrumbList\",\"@id\":\"https:\/\/www.ewigerbund.org\/bayern\/staatsrecht\/strafprozess\/#breadcrumb\",\"itemListElement\":[{\"@type\":\"ListItem\",\"position\":1,\"name\":\"Startseite\",\"item\":\"https:\/\/www.ewigerbund.org\/bayern\/\"},{\"@type\":\"ListItem\",\"position\":2,\"name\":\"Bayerisches Staatsrecht.\",\"item\":\"https:\/\/www.ewigerbund.org\/bayern\/staatsrecht\/\"},{\"@type\":\"ListItem\",\"position\":3,\"name\":\"Strafprozess.\"}]},{\"@type\":\"WebSite\",\"@id\":\"https:\/\/www.ewigerbund.org\/bayern\/#website\",\"url\":\"https:\/\/www.ewigerbund.org\/bayern\/\",\"name\":\"K\u00f6nigreich Bayern\",\"description\":\"im ewigen Bund.\",\"publisher\":{\"@id\":\"https:\/\/www.ewigerbund.org\/bayern\/#organization\"},\"potentialAction\":[{\"@type\":\"SearchAction\",\"target\":{\"@type\":\"EntryPoint\",\"urlTemplate\":\"https:\/\/www.ewigerbund.org\/bayern\/?s={search_term_string}\"},\"query-input\":\"required name=search_term_string\"}],\"inLanguage\":\"de\"},{\"@type\":\"Organization\",\"@id\":\"https:\/\/www.ewigerbund.org\/bayern\/#organization\",\"name\":\"K\u00f6nigreich Bayern\",\"url\":\"https:\/\/www.ewigerbund.org\/bayern\/\",\"logo\":{\"@type\":\"ImageObject\",\"inLanguage\":\"de\",\"@id\":\"https:\/\/www.ewigerbund.org\/bayern\/#\/schema\/logo\/image\/\",\"url\":\"https:\/\/www.ewigerbund.org\/bayern\/wp-content\/uploads\/sites\/12\/2023\/02\/2023-02-24-Logo-EB-Bayern-Schutzzone_Schatten_BGweiss_V2_1200px.png\",\"contentUrl\":\"https:\/\/www.ewigerbund.org\/bayern\/wp-content\/uploads\/sites\/12\/2023\/02\/2023-02-24-Logo-EB-Bayern-Schutzzone_Schatten_BGweiss_V2_1200px.png\",\"width\":1200,\"height\":1200,\"caption\":\"K\u00f6nigreich Bayern\"},\"image\":{\"@id\":\"https:\/\/www.ewigerbund.org\/bayern\/#\/schema\/logo\/image\/\"}}]}<\/script>\n<!-- \/ Yoast SEO plugin. -->","yoast_head_json":{"title":"Strafprozess. - K\u00f6nigreich Bayern","description":"Das Strafprozessrecht ist ein weiterer Rechtsbereich, dessen heute geltenden Regelungen auf das Deutsche Reich zur\u00fcckgehen ...","robots":{"index":"index","follow":"follow","max-snippet":"max-snippet:-1","max-image-preview":"max-image-preview:large","max-video-preview":"max-video-preview:-1"},"canonical":"https:\/\/www.ewigerbund.org\/bayern\/staatsrecht\/strafprozess\/","og_locale":"de_DE","og_type":"article","og_title":"Strafprozess. - K\u00f6nigreich Bayern","og_description":"Das Strafprozessrecht ist ein weiterer Rechtsbereich, dessen heute geltenden Regelungen auf das Deutsche Reich zur\u00fcckgehen ...","og_url":"https:\/\/www.ewigerbund.org\/bayern\/staatsrecht\/strafprozess\/","og_site_name":"K\u00f6nigreich Bayern","article_modified_time":"2023-12-01T22:16:55+00:00","og_image":[{"width":1280,"height":720,"url":"https:\/\/www.ewigerbund.org\/bayern\/wp-content\/uploads\/sites\/12\/2023\/12\/strafprozessrecht.jpg","type":"image\/jpeg"}],"twitter_card":"summary_large_image","twitter_misc":{"Gesch\u00e4tzte Lesezeit":"1\u00a0Minute"},"schema":{"@context":"https:\/\/schema.org","@graph":[{"@type":"WebPage","@id":"https:\/\/www.ewigerbund.org\/bayern\/staatsrecht\/strafprozess\/","url":"https:\/\/www.ewigerbund.org\/bayern\/staatsrecht\/strafprozess\/","name":"Strafprozess. - K\u00f6nigreich Bayern","isPartOf":{"@id":"https:\/\/www.ewigerbund.org\/bayern\/#website"},"primaryImageOfPage":{"@id":"https:\/\/www.ewigerbund.org\/bayern\/staatsrecht\/strafprozess\/#primaryimage"},"image":{"@id":"https:\/\/www.ewigerbund.org\/bayern\/staatsrecht\/strafprozess\/#primaryimage"},"thumbnailUrl":"https:\/\/www.ewigerbund.org\/bayern\/wp-content\/uploads\/sites\/12\/2023\/12\/strafprozessrecht.jpg","datePublished":"2023-04-13T07:20:28+00:00","dateModified":"2023-12-01T22:16:55+00:00","description":"Das Strafprozessrecht ist ein weiterer Rechtsbereich, dessen heute geltenden Regelungen auf das Deutsche Reich zur\u00fcckgehen ...","breadcrumb":{"@id":"https:\/\/www.ewigerbund.org\/bayern\/staatsrecht\/strafprozess\/#breadcrumb"},"inLanguage":"de","potentialAction":[{"@type":"ReadAction","target":["https:\/\/www.ewigerbund.org\/bayern\/staatsrecht\/strafprozess\/"]}]},{"@type":"ImageObject","inLanguage":"de","@id":"https:\/\/www.ewigerbund.org\/bayern\/staatsrecht\/strafprozess\/#primaryimage","url":"https:\/\/www.ewigerbund.org\/bayern\/wp-content\/uploads\/sites\/12\/2023\/12\/strafprozessrecht.jpg","contentUrl":"https:\/\/www.ewigerbund.org\/bayern\/wp-content\/uploads\/sites\/12\/2023\/12\/strafprozessrecht.jpg","width":1280,"height":720},{"@type":"BreadcrumbList","@id":"https:\/\/www.ewigerbund.org\/bayern\/staatsrecht\/strafprozess\/#breadcrumb","itemListElement":[{"@type":"ListItem","position":1,"name":"Startseite","item":"https:\/\/www.ewigerbund.org\/bayern\/"},{"@type":"ListItem","position":2,"name":"Bayerisches Staatsrecht.","item":"https:\/\/www.ewigerbund.org\/bayern\/staatsrecht\/"},{"@type":"ListItem","position":3,"name":"Strafprozess."}]},{"@type":"WebSite","@id":"https:\/\/www.ewigerbund.org\/bayern\/#website","url":"https:\/\/www.ewigerbund.org\/bayern\/","name":"K\u00f6nigreich Bayern","description":"im ewigen Bund.","publisher":{"@id":"https:\/\/www.ewigerbund.org\/bayern\/#organization"},"potentialAction":[{"@type":"SearchAction","target":{"@type":"EntryPoint","urlTemplate":"https:\/\/www.ewigerbund.org\/bayern\/?s={search_term_string}"},"query-input":"required name=search_term_string"}],"inLanguage":"de"},{"@type":"Organization","@id":"https:\/\/www.ewigerbund.org\/bayern\/#organization","name":"K\u00f6nigreich Bayern","url":"https:\/\/www.ewigerbund.org\/bayern\/","logo":{"@type":"ImageObject","inLanguage":"de","@id":"https:\/\/www.ewigerbund.org\/bayern\/#\/schema\/logo\/image\/","url":"https:\/\/www.ewigerbund.org\/bayern\/wp-content\/uploads\/sites\/12\/2023\/02\/2023-02-24-Logo-EB-Bayern-Schutzzone_Schatten_BGweiss_V2_1200px.png","contentUrl":"https:\/\/www.ewigerbund.org\/bayern\/wp-content\/uploads\/sites\/12\/2023\/02\/2023-02-24-Logo-EB-Bayern-Schutzzone_Schatten_BGweiss_V2_1200px.png","width":1200,"height":1200,"caption":"K\u00f6nigreich Bayern"},"image":{"@id":"https:\/\/www.ewigerbund.org\/bayern\/#\/schema\/logo\/image\/"}}]}},"_links":{"self":[{"href":"https:\/\/www.ewigerbund.org\/bayern\/wp-json\/wp\/v2\/pages\/1939","targetHints":{"allow":["GET"]}}],"collection":[{"href":"https:\/\/www.ewigerbund.org\/bayern\/wp-json\/wp\/v2\/pages"}],"about":[{"href":"https:\/\/www.ewigerbund.org\/bayern\/wp-json\/wp\/v2\/types\/page"}],"author":[{"embeddable":true,"href":"https:\/\/www.ewigerbund.org\/bayern\/wp-json\/wp\/v2\/users\/1"}],"replies":[{"embeddable":true,"href":"https:\/\/www.ewigerbund.org\/bayern\/wp-json\/wp\/v2\/comments?post=1939"}],"version-history":[{"count":4,"href":"https:\/\/www.ewigerbund.org\/bayern\/wp-json\/wp\/v2\/pages\/1939\/revisions"}],"predecessor-version":[{"id":4692,"href":"https:\/\/www.ewigerbund.org\/bayern\/wp-json\/wp\/v2\/pages\/1939\/revisions\/4692"}],"up":[{"embeddable":true,"href":"https:\/\/www.ewigerbund.org\/bayern\/wp-json\/wp\/v2\/pages\/269"}],"wp:featuredmedia":[{"embeddable":true,"href":"https:\/\/www.ewigerbund.org\/bayern\/wp-json\/wp\/v2\/media\/4666"}],"wp:attachment":[{"href":"https:\/\/www.ewigerbund.org\/bayern\/wp-json\/wp\/v2\/media?parent=1939"}],"wp:term":[{"taxonomy":"category","embeddable":true,"href":"https:\/\/www.ewigerbund.org\/bayern\/wp-json\/wp\/v2\/categories?post=1939"},{"taxonomy":"post_tag","embeddable":true,"href":"https:\/\/www.ewigerbund.org\/bayern\/wp-json\/wp\/v2\/tags?post=1939"}],"curies":[{"name":"wp","href":"https:\/\/api.w.org\/{rel}","templated":true}]}}