{"id":1550,"date":"2022-12-05T00:51:33","date_gmt":"2022-12-04T23:51:33","guid":{"rendered":"https:\/\/www.ewigerbund.org\/bayern\/?page_id=1550"},"modified":"2023-07-20T00:51:24","modified_gmt":"2023-07-19T22:51:24","slug":"ludwig-vi-der-roemer","status":"publish","type":"page","link":"https:\/\/www.ewigerbund.org\/bayern\/geschichte\/ludwig-vi-der-roemer\/","title":{"rendered":"1351-1366. Brandenburg und Niederlausitz unter Ludwig VI. der R\u00f6mer."},"content":{"rendered":"<div class=\"gb-container gb-container-71a2fc3f\"><div class=\"gb-inside-container\">\n\n<h2 class=\"gb-headline gb-headline-6a593380 gb-headline-text\">1351-1366. Brandenburg und Niederlausitz unter Ludwig VI. der R\u00f6mer.<\/h2>\n\n\n\n<p>Diese L\u00e4nder erhielten dem Theilvertrage von 1351 zufolge Ludwig VI. der R\u00f6mer, und sein Bruder Otto V.; jener z\u00e4hlte damals 23, dieser 4 Jahre. Wegen der Jugend Otto\u2019s V. wurde Ludwig der R\u00f6mer anf\u00e4nglich von dem Kaiser Karl IV. der Mark Brandenburg und der Niederlausitz allein belehnt. Er schlug seine st\u00e4ndige Residenz zu Berlin auf (1351-1366) und schlo\u00df zur Befestigung seiner Macht mit den F\u00fcrsten in Nord-Deutschland B\u00fcndnisse, namentlich mit dem Herzoge Albrecht I. von Mecklenburg, dessen Tochter Ingelburg er (25. Juli 1357) heirathete. Da diese Ehe zu Anfang des Jahres 1360 noch kinderlos war und besorgen lie\u00df, da\u00df sie kinderlos bleibe, belehnte Karl IV. (1.Februar 1360) auch Otto V. mit Brandenburg und der Niederlausitz, damit, wenn Ludwig der R\u00f6mer kinderlos st\u00fcrbe, den \u00fcbrigen Herz\u00f6gen Bayerns seine Veranlassung gegeben w\u00e4re, diese L\u00e4nder an sich zu ziehen.<\/p>\n\n\n<div class=\"wp-block-image\">\n<figure class=\"aligncenter size-full\"><img loading=\"lazy\" decoding=\"async\" width=\"1024\" height=\"582\" src=\"https:\/\/www.ewigerbund.org\/bayern\/wp-content\/uploads\/sites\/12\/2023\/07\/1351-1366.-Brandenburg-und-Niederlausitz-unter-Ludwig-VI.jpg\" alt=\"\" class=\"wp-image-3220\" srcset=\"https:\/\/www.ewigerbund.org\/bayern\/wp-content\/uploads\/sites\/12\/2023\/07\/1351-1366.-Brandenburg-und-Niederlausitz-unter-Ludwig-VI.jpg 1024w, https:\/\/www.ewigerbund.org\/bayern\/wp-content\/uploads\/sites\/12\/2023\/07\/1351-1366.-Brandenburg-und-Niederlausitz-unter-Ludwig-VI-300x171.jpg 300w, https:\/\/www.ewigerbund.org\/bayern\/wp-content\/uploads\/sites\/12\/2023\/07\/1351-1366.-Brandenburg-und-Niederlausitz-unter-Ludwig-VI-768x437.jpg 768w\" sizes=\"auto, (max-width: 1024px) 100vw, 1024px\" \/><figcaption class=\"wp-element-caption\"><em>Karte der Mark Brandenburg im Heiligen R\u00f6mischen Reich, 1618<\/em><\/figcaption><\/figure><\/div>\n\n\n<p>Bei dem Tode <a href=\"https:\/\/www.ewigerbund.org\/bayern\/geschichte\/oberbayern-und-tyrol-unter-mainhard\/\">Mainhards von Oberbayern-Tyrol<\/a> (1363) hofften beide F\u00fcrsten einen Theil von Oberbayern zu erben, konnten aber gegen <a href=\"https:\/\/www.ewigerbund.org\/bayern\/geschichte\/ober-und-niederbayern-unter-stephan-ii\/\">Herzog Stephan II. von Niederbayern<\/a>, der als der \u00e4lterste Prinz das Ganze f\u00fcr sich beanspruchte, mit ihren Forderungen nicht aufkommen. Die\u00df rief in Beiden gegen ihren <a href=\"https:\/\/www.ewigerbund.org\/bayern\/geschichte\/ober-und-niederbayern-unter-stephan-ii\/\">Bruder Stephan II.<\/a> eine solche Abneigung hervor, da\u00df sie, der gemeinsamen Abstammung vergessend, mit Kaiser Karl IV. (1363) eine Erbverbr\u00fcderung eingingen, der zufolge nach ihrem Ableben und nach dem Erl\u00f6schen ihres m\u00e4nnlichen Stammes ihre L\u00e4nder samt der Kurw\u00fcrde des Kaisers erstgeborenem Sohne Wenzel und dessen m\u00e4nnlichen Erben, in Ermanglung von solchen aber des Kaisers Bruder Johann Heinrich und dessen Erben zufallen sollten. Beschreibungen \u00e4hnlicher Art stellte auch der Kaiser und der Markgraf Johann von M\u00e4hren aus. Dadurch verstie\u00dfen die beiden Markgrafen von Brandenburg nicht blos gegen den <a href=\"https:\/\/www.ewigerbund.org\/bayern\/geschichte\/der-vertrag-von-pavia\/\">Hausvertrag zu Pavia<\/a>, sondern auch gegen eine unter den S\u00f6hnen <a href=\"https:\/\/www.ewigerbund.org\/bayern\/geschichte\/friedrich-von-oesterreich-und-ludwig-von-bayern\/\">Ludwigs des Bayern<\/a> (1334) geschlossene Erbverbr\u00fcderung, nach welcher die Mark Brandenburg von einer <a href=\"https:\/\/www.ewigerbund.org\/bayern\/geschichte\/die-wittelsbacher\/\">Wittelsbach\u2019schen Linie<\/a> an die andere erblich fallen sollte. Um die schreiende Rechtsverletzung einigerma\u00dfen zu besch\u00f6nigen, verlobte sich (1363) der damals sechzehnj\u00e4hrige Otto V. mit des Kaisers f\u00fcnfzehnj\u00e4hrigen Tochter Elisabeth (geb. 18. M\u00e4rz 1358), erhielt aber sp\u00e4ter (19. M\u00e4rz 1366) eine andere Tochter des Kaisers, Katherina, zur Frau, die zuvor an den \u00f6sterreichischen Herzog Rudolf II. verheiratet und seit 17. Juli 1365 Witwe war. Nicht volle zwei Monate nach der Verm\u00e4hlung Otto\u2019s V. starb Ludwig VI. der R\u00f6mer (14.Mai 1366) kinderlos, und des Kaisers Eidam, Otto V., hatte nun Brandenburg und die Niederlausitz allein zu verwalten.<\/p>\n\n\n<div class=\"gb-button-wrapper gb-button-wrapper-ff423161\">\n\n<a class=\"gb-button gb-button-68a9c80b gb-button-text\" href=\"https:\/\/forum.bayern.ewigerbund.org\/viewtopic.php?t=480\" target=\"_blank\" rel=\"noopener noreferrer\">Dieser Beitrag hat dir gefallen? Hier kommentieren.<\/a>\n\n<\/div>\n\n\n<p class=\"has-small-font-size\"><em>Quelle: Lehrbuch der bayerischen Geschichte f\u00fcr Gymnasien und zum Selbstunterricht bearbeitet von Kr. By. Sattler M\u00fcnchen, 1868. J. Lindauer\u2019sche Buchhandlung, Seite 160-162.<\/em><\/p>\n\n\n\n<p class=\"has-small-font-size\"><em><em>Bildquelle:<\/em>https:\/\/de.wikipedia.org\/wiki\/Mark_Brandenburg#\/media\/<\/em><\/p>\n\n<\/div><\/div>","protected":false},"excerpt":{"rendered":"<p>1351-1366. Brandenburg und Niederlausitz unter Ludwig VI. der R\u00f6mer. Diese L\u00e4nder erhielten dem Theilvertrage von 1351 zufolge Ludwig VI. der R\u00f6mer, und sein Bruder Otto V.; jener z\u00e4hlte damals 23, dieser 4 Jahre. Wegen der Jugend Otto\u2019s V. wurde Ludwig der R\u00f6mer anf\u00e4nglich von dem Kaiser Karl IV. der Mark Brandenburg und der Niederlausitz allein &#8230; <a title=\"1351-1366. Brandenburg und Niederlausitz unter Ludwig VI. der R\u00f6mer.\" class=\"read-more\" href=\"https:\/\/www.ewigerbund.org\/bayern\/geschichte\/ludwig-vi-der-roemer\/\" aria-label=\"Mehr zu 1351-1366. Brandenburg und Niederlausitz unter Ludwig VI. der R\u00f6mer.\">Weiterlesen &#8230;<\/a><\/p>\n","protected":false},"author":1,"featured_media":3213,"parent":215,"menu_order":0,"comment_status":"closed","ping_status":"closed","template":"","meta":{"footnotes":""},"categories":[1,6,7],"tags":[439,441,242,438,440,406],"class_list":["post-1550","page","type-page","status-publish","has-post-thumbnail","hentry","category-allgemein","category-bayern","category-geschichte","tag-brandenburg","tag-hausvertrag-zu-pavia","tag-ludwig-der-bayer","tag-ludwig-vi","tag-niederlausitz","tag-stephan-ii"],"yoast_head":"<!-- This site is optimized with the Yoast SEO plugin v23.1 - https:\/\/yoast.com\/wordpress\/plugins\/seo\/ -->\n<title>1351-1366. Brandenburg und Niederlausitz unter Ludwig VI. der R\u00f6mer. - K\u00f6nigreich Bayern<\/title>\n<meta name=\"description\" content=\"Diese L\u00e4nder erhielten dem Theilvertrage von 1351 zufolge Ludwig VI. der R\u00f6mer, und sein Bruder Otto V.; jener z\u00e4hlte damals 23, dieser 4 J.\" \/>\n<meta name=\"robots\" content=\"index, follow, max-snippet:-1, max-image-preview:large, max-video-preview:-1\" \/>\n<link rel=\"canonical\" href=\"https:\/\/www.ewigerbund.org\/bayern\/geschichte\/ludwig-vi-der-roemer\/\" \/>\n<meta property=\"og:locale\" content=\"de_DE\" \/>\n<meta property=\"og:type\" content=\"article\" \/>\n<meta property=\"og:title\" content=\"1351-1366. Brandenburg und Niederlausitz unter Ludwig VI. der R\u00f6mer. - K\u00f6nigreich Bayern\" \/>\n<meta property=\"og:description\" content=\"Diese L\u00e4nder erhielten dem Theilvertrage von 1351 zufolge Ludwig VI. der R\u00f6mer, und sein Bruder Otto V.; jener z\u00e4hlte damals 23, dieser 4 J.\" \/>\n<meta property=\"og:url\" content=\"https:\/\/www.ewigerbund.org\/bayern\/geschichte\/ludwig-vi-der-roemer\/\" \/>\n<meta property=\"og:site_name\" content=\"K\u00f6nigreich Bayern\" \/>\n<meta property=\"article:modified_time\" content=\"2023-07-19T22:51:24+00:00\" \/>\n<meta property=\"og:image\" content=\"https:\/\/www.ewigerbund.org\/bayern\/wp-content\/uploads\/sites\/12\/2023\/07\/1351-1366.jpg\" \/>\n\t<meta property=\"og:image:width\" content=\"1920\" \/>\n\t<meta property=\"og:image:height\" content=\"1080\" \/>\n\t<meta property=\"og:image:type\" content=\"image\/jpeg\" \/>\n<meta name=\"twitter:card\" content=\"summary_large_image\" \/>\n<meta name=\"twitter:label1\" content=\"Gesch\u00e4tzte Lesezeit\" \/>\n\t<meta name=\"twitter:data1\" content=\"3\u00a0Minuten\" \/>\n<script type=\"application\/ld+json\" class=\"yoast-schema-graph\">{\"@context\":\"https:\/\/schema.org\",\"@graph\":[{\"@type\":\"WebPage\",\"@id\":\"https:\/\/www.ewigerbund.org\/bayern\/geschichte\/ludwig-vi-der-roemer\/\",\"url\":\"https:\/\/www.ewigerbund.org\/bayern\/geschichte\/ludwig-vi-der-roemer\/\",\"name\":\"1351-1366. Brandenburg und Niederlausitz unter Ludwig VI. der R\u00f6mer. - K\u00f6nigreich Bayern\",\"isPartOf\":{\"@id\":\"https:\/\/www.ewigerbund.org\/bayern\/#website\"},\"primaryImageOfPage\":{\"@id\":\"https:\/\/www.ewigerbund.org\/bayern\/geschichte\/ludwig-vi-der-roemer\/#primaryimage\"},\"image\":{\"@id\":\"https:\/\/www.ewigerbund.org\/bayern\/geschichte\/ludwig-vi-der-roemer\/#primaryimage\"},\"thumbnailUrl\":\"https:\/\/www.ewigerbund.org\/bayern\/wp-content\/uploads\/sites\/12\/2023\/07\/1351-1366.jpg\",\"datePublished\":\"2022-12-04T23:51:33+00:00\",\"dateModified\":\"2023-07-19T22:51:24+00:00\",\"description\":\"Diese L\u00e4nder erhielten dem Theilvertrage von 1351 zufolge Ludwig VI. der R\u00f6mer, und sein Bruder Otto V.; jener z\u00e4hlte damals 23, dieser 4 J.\",\"breadcrumb\":{\"@id\":\"https:\/\/www.ewigerbund.org\/bayern\/geschichte\/ludwig-vi-der-roemer\/#breadcrumb\"},\"inLanguage\":\"de\",\"potentialAction\":[{\"@type\":\"ReadAction\",\"target\":[\"https:\/\/www.ewigerbund.org\/bayern\/geschichte\/ludwig-vi-der-roemer\/\"]}]},{\"@type\":\"ImageObject\",\"inLanguage\":\"de\",\"@id\":\"https:\/\/www.ewigerbund.org\/bayern\/geschichte\/ludwig-vi-der-roemer\/#primaryimage\",\"url\":\"https:\/\/www.ewigerbund.org\/bayern\/wp-content\/uploads\/sites\/12\/2023\/07\/1351-1366.jpg\",\"contentUrl\":\"https:\/\/www.ewigerbund.org\/bayern\/wp-content\/uploads\/sites\/12\/2023\/07\/1351-1366.jpg\",\"width\":1920,\"height\":1080,\"caption\":\"1351-1366\"},{\"@type\":\"BreadcrumbList\",\"@id\":\"https:\/\/www.ewigerbund.org\/bayern\/geschichte\/ludwig-vi-der-roemer\/#breadcrumb\",\"itemListElement\":[{\"@type\":\"ListItem\",\"position\":1,\"name\":\"Startseite\",\"item\":\"https:\/\/www.ewigerbund.org\/bayern\/\"},{\"@type\":\"ListItem\",\"position\":2,\"name\":\"Geschichte\",\"item\":\"https:\/\/www.ewigerbund.org\/bayern\/geschichte\/\"},{\"@type\":\"ListItem\",\"position\":3,\"name\":\"1351-1366. Brandenburg und Niederlausitz unter Ludwig VI. der R\u00f6mer.\"}]},{\"@type\":\"WebSite\",\"@id\":\"https:\/\/www.ewigerbund.org\/bayern\/#website\",\"url\":\"https:\/\/www.ewigerbund.org\/bayern\/\",\"name\":\"K\u00f6nigreich Bayern\",\"description\":\"im ewigen Bund.\",\"publisher\":{\"@id\":\"https:\/\/www.ewigerbund.org\/bayern\/#organization\"},\"potentialAction\":[{\"@type\":\"SearchAction\",\"target\":{\"@type\":\"EntryPoint\",\"urlTemplate\":\"https:\/\/www.ewigerbund.org\/bayern\/?s={search_term_string}\"},\"query-input\":\"required name=search_term_string\"}],\"inLanguage\":\"de\"},{\"@type\":\"Organization\",\"@id\":\"https:\/\/www.ewigerbund.org\/bayern\/#organization\",\"name\":\"K\u00f6nigreich Bayern\",\"url\":\"https:\/\/www.ewigerbund.org\/bayern\/\",\"logo\":{\"@type\":\"ImageObject\",\"inLanguage\":\"de\",\"@id\":\"https:\/\/www.ewigerbund.org\/bayern\/#\/schema\/logo\/image\/\",\"url\":\"https:\/\/www.ewigerbund.org\/bayern\/wp-content\/uploads\/sites\/12\/2023\/02\/2023-02-24-Logo-EB-Bayern-Schutzzone_Schatten_BGweiss_V2_1200px.png\",\"contentUrl\":\"https:\/\/www.ewigerbund.org\/bayern\/wp-content\/uploads\/sites\/12\/2023\/02\/2023-02-24-Logo-EB-Bayern-Schutzzone_Schatten_BGweiss_V2_1200px.png\",\"width\":1200,\"height\":1200,\"caption\":\"K\u00f6nigreich Bayern\"},\"image\":{\"@id\":\"https:\/\/www.ewigerbund.org\/bayern\/#\/schema\/logo\/image\/\"}}]}<\/script>\n<!-- \/ Yoast SEO plugin. -->","yoast_head_json":{"title":"1351-1366. Brandenburg und Niederlausitz unter Ludwig VI. der R\u00f6mer. - K\u00f6nigreich Bayern","description":"Diese L\u00e4nder erhielten dem Theilvertrage von 1351 zufolge Ludwig VI. der R\u00f6mer, und sein Bruder Otto V.; jener z\u00e4hlte damals 23, dieser 4 J.","robots":{"index":"index","follow":"follow","max-snippet":"max-snippet:-1","max-image-preview":"max-image-preview:large","max-video-preview":"max-video-preview:-1"},"canonical":"https:\/\/www.ewigerbund.org\/bayern\/geschichte\/ludwig-vi-der-roemer\/","og_locale":"de_DE","og_type":"article","og_title":"1351-1366. Brandenburg und Niederlausitz unter Ludwig VI. der R\u00f6mer. - K\u00f6nigreich Bayern","og_description":"Diese L\u00e4nder erhielten dem Theilvertrage von 1351 zufolge Ludwig VI. der R\u00f6mer, und sein Bruder Otto V.; jener z\u00e4hlte damals 23, dieser 4 J.","og_url":"https:\/\/www.ewigerbund.org\/bayern\/geschichte\/ludwig-vi-der-roemer\/","og_site_name":"K\u00f6nigreich Bayern","article_modified_time":"2023-07-19T22:51:24+00:00","og_image":[{"width":1920,"height":1080,"url":"https:\/\/www.ewigerbund.org\/bayern\/wp-content\/uploads\/sites\/12\/2023\/07\/1351-1366.jpg","type":"image\/jpeg"}],"twitter_card":"summary_large_image","twitter_misc":{"Gesch\u00e4tzte Lesezeit":"3\u00a0Minuten"},"schema":{"@context":"https:\/\/schema.org","@graph":[{"@type":"WebPage","@id":"https:\/\/www.ewigerbund.org\/bayern\/geschichte\/ludwig-vi-der-roemer\/","url":"https:\/\/www.ewigerbund.org\/bayern\/geschichte\/ludwig-vi-der-roemer\/","name":"1351-1366. Brandenburg und Niederlausitz unter Ludwig VI. der R\u00f6mer. - K\u00f6nigreich Bayern","isPartOf":{"@id":"https:\/\/www.ewigerbund.org\/bayern\/#website"},"primaryImageOfPage":{"@id":"https:\/\/www.ewigerbund.org\/bayern\/geschichte\/ludwig-vi-der-roemer\/#primaryimage"},"image":{"@id":"https:\/\/www.ewigerbund.org\/bayern\/geschichte\/ludwig-vi-der-roemer\/#primaryimage"},"thumbnailUrl":"https:\/\/www.ewigerbund.org\/bayern\/wp-content\/uploads\/sites\/12\/2023\/07\/1351-1366.jpg","datePublished":"2022-12-04T23:51:33+00:00","dateModified":"2023-07-19T22:51:24+00:00","description":"Diese L\u00e4nder erhielten dem Theilvertrage von 1351 zufolge Ludwig VI. der R\u00f6mer, und sein Bruder Otto V.; jener z\u00e4hlte damals 23, dieser 4 J.","breadcrumb":{"@id":"https:\/\/www.ewigerbund.org\/bayern\/geschichte\/ludwig-vi-der-roemer\/#breadcrumb"},"inLanguage":"de","potentialAction":[{"@type":"ReadAction","target":["https:\/\/www.ewigerbund.org\/bayern\/geschichte\/ludwig-vi-der-roemer\/"]}]},{"@type":"ImageObject","inLanguage":"de","@id":"https:\/\/www.ewigerbund.org\/bayern\/geschichte\/ludwig-vi-der-roemer\/#primaryimage","url":"https:\/\/www.ewigerbund.org\/bayern\/wp-content\/uploads\/sites\/12\/2023\/07\/1351-1366.jpg","contentUrl":"https:\/\/www.ewigerbund.org\/bayern\/wp-content\/uploads\/sites\/12\/2023\/07\/1351-1366.jpg","width":1920,"height":1080,"caption":"1351-1366"},{"@type":"BreadcrumbList","@id":"https:\/\/www.ewigerbund.org\/bayern\/geschichte\/ludwig-vi-der-roemer\/#breadcrumb","itemListElement":[{"@type":"ListItem","position":1,"name":"Startseite","item":"https:\/\/www.ewigerbund.org\/bayern\/"},{"@type":"ListItem","position":2,"name":"Geschichte","item":"https:\/\/www.ewigerbund.org\/bayern\/geschichte\/"},{"@type":"ListItem","position":3,"name":"1351-1366. Brandenburg und Niederlausitz unter Ludwig VI. der R\u00f6mer."}]},{"@type":"WebSite","@id":"https:\/\/www.ewigerbund.org\/bayern\/#website","url":"https:\/\/www.ewigerbund.org\/bayern\/","name":"K\u00f6nigreich Bayern","description":"im ewigen Bund.","publisher":{"@id":"https:\/\/www.ewigerbund.org\/bayern\/#organization"},"potentialAction":[{"@type":"SearchAction","target":{"@type":"EntryPoint","urlTemplate":"https:\/\/www.ewigerbund.org\/bayern\/?s={search_term_string}"},"query-input":"required name=search_term_string"}],"inLanguage":"de"},{"@type":"Organization","@id":"https:\/\/www.ewigerbund.org\/bayern\/#organization","name":"K\u00f6nigreich Bayern","url":"https:\/\/www.ewigerbund.org\/bayern\/","logo":{"@type":"ImageObject","inLanguage":"de","@id":"https:\/\/www.ewigerbund.org\/bayern\/#\/schema\/logo\/image\/","url":"https:\/\/www.ewigerbund.org\/bayern\/wp-content\/uploads\/sites\/12\/2023\/02\/2023-02-24-Logo-EB-Bayern-Schutzzone_Schatten_BGweiss_V2_1200px.png","contentUrl":"https:\/\/www.ewigerbund.org\/bayern\/wp-content\/uploads\/sites\/12\/2023\/02\/2023-02-24-Logo-EB-Bayern-Schutzzone_Schatten_BGweiss_V2_1200px.png","width":1200,"height":1200,"caption":"K\u00f6nigreich Bayern"},"image":{"@id":"https:\/\/www.ewigerbund.org\/bayern\/#\/schema\/logo\/image\/"}}]}},"_links":{"self":[{"href":"https:\/\/www.ewigerbund.org\/bayern\/wp-json\/wp\/v2\/pages\/1550","targetHints":{"allow":["GET"]}}],"collection":[{"href":"https:\/\/www.ewigerbund.org\/bayern\/wp-json\/wp\/v2\/pages"}],"about":[{"href":"https:\/\/www.ewigerbund.org\/bayern\/wp-json\/wp\/v2\/types\/page"}],"author":[{"embeddable":true,"href":"https:\/\/www.ewigerbund.org\/bayern\/wp-json\/wp\/v2\/users\/1"}],"replies":[{"embeddable":true,"href":"https:\/\/www.ewigerbund.org\/bayern\/wp-json\/wp\/v2\/comments?post=1550"}],"version-history":[{"count":12,"href":"https:\/\/www.ewigerbund.org\/bayern\/wp-json\/wp\/v2\/pages\/1550\/revisions"}],"predecessor-version":[{"id":3221,"href":"https:\/\/www.ewigerbund.org\/bayern\/wp-json\/wp\/v2\/pages\/1550\/revisions\/3221"}],"up":[{"embeddable":true,"href":"https:\/\/www.ewigerbund.org\/bayern\/wp-json\/wp\/v2\/pages\/215"}],"wp:featuredmedia":[{"embeddable":true,"href":"https:\/\/www.ewigerbund.org\/bayern\/wp-json\/wp\/v2\/media\/3213"}],"wp:attachment":[{"href":"https:\/\/www.ewigerbund.org\/bayern\/wp-json\/wp\/v2\/media?parent=1550"}],"wp:term":[{"taxonomy":"category","embeddable":true,"href":"https:\/\/www.ewigerbund.org\/bayern\/wp-json\/wp\/v2\/categories?post=1550"},{"taxonomy":"post_tag","embeddable":true,"href":"https:\/\/www.ewigerbund.org\/bayern\/wp-json\/wp\/v2\/tags?post=1550"}],"curies":[{"name":"wp","href":"https:\/\/api.w.org\/{rel}","templated":true}]}}