{"id":1283,"date":"2022-10-30T22:36:10","date_gmt":"2022-10-30T21:36:10","guid":{"rendered":"https:\/\/www.ewigerbund.org\/bayern\/?page_id=1283"},"modified":"2023-07-20T00:52:40","modified_gmt":"2023-07-19T22:52:40","slug":"oberbayern-und-tyrol-unter-mainhard","status":"publish","type":"page","link":"https:\/\/www.ewigerbund.org\/bayern\/geschichte\/oberbayern-und-tyrol-unter-mainhard\/","title":{"rendered":"1361-1363. Oberbayern und Tirol unter Mainhard."},"content":{"rendered":"<div class=\"gb-container gb-container-356670da\"><div class=\"gb-inside-container\">\n\n<h2 class=\"gb-headline gb-headline-1e665fc4 gb-headline-text\">1361-1363. Oberbayern und Tirol unter Mainhard.<\/h2>\n\n\n\n<p>Nach dem Tode Ludwigs V. entstanden wegen der Nachfolge seines Sohnes Mainhard (1361-1363), eines bereits achtzehnj\u00e4hrigen Prinzen, gro\u00dfe Streitigkeiten, an denen nicht nur alle bayerischen F\u00fcrsten, sondern auch der Herzog Rudolf IV. von \u00d6sterreich, Mainhards Schwager, und Kaiser Karl IV. Antheil nahmen. Mainhard, ein in der Regierungskunst ganz unerfahrener J\u00fcngling, \u00fcberlie\u00df sich und die Regierung seiner L\u00e4nder einer herrschs\u00fcchtigen Partei, welche Friedrich, den Sohn des <a href=\"https:\/\/www.ewigerbund.org\/bayern\/geschichte\/ober-und-niederbayern-unter-stephan-ii\/\">Herzogs Stephan II. von Niederbayern-Landshut<\/a>, an ihre Spitze stellte und vorgab, da\u00df sie im Auftrag des verstorbenen Herzogs Ludwig V. handle. Als <a href=\"https:\/\/www.ewigerbund.org\/bayern\/geschichte\/ober-und-niederbayern-unter-stephan-ii\/\">Stephan II. von Niederbayern<\/a> den Plan dieser Partei durchschaute, welcher darauf hinausging, den jungen Mainhard die Z\u00fcgel der Regierung ganz zu entrei\u00dfen und f\u00fcr sich zu behalten, r\u00fcckte er mit seinen Kriegsleuten in Oberbayern ein, brachte den fl\u00fcchtigen Herzog Mainhard mit Hilfe der Bewohner Vohburgs in seine Gewalt und bewirkte vor einem in M\u00fcnchen zusammengetretenen Landtag den Beschlu\u00df, die Regierungshandlungen des Herzogs Mainhard nur dann anzuerkennen, wenn die Partei, die ihn bisher umlagert, seinen Theil an denselben habe (5. Mai 1362). Nachdem Mainhard unmittelbar darauf seine Freiheit wieder erlangt hatte, weilte er einige Zeit in M\u00fcnchen, erhielt von dort aus den Befehl, Ingolstadt zu erweitern und zu befestigen, und folgte gegen das Ende des Monats Oktober 1362 einer von den tirolischen Landst\u00e4nden an ihn ergangenen Einladung, ihr Land zu besuchen. Dort starb er an einem kalten Trunke, den er &#8211; vom Tanze erhitzt &#8211; zu sich genommen hatte, am 13. Januar 1363 auf dem Schlo\u00dfe Tirol, ungef\u00e4hr zwanzig Jahre alt, ohne Kinder. Sein Leichnam wurde zu Meran <a href=\"#fussnote_*\">*)<\/a> bestattet.<\/p>\n\n\n\n<p>Nach dem Ableben Mainhards f\u00fchrte seine Mutter Margaretha die Regierung Tirols drei Tage (14.-16. Januar 1363), am 4. Tage (17. Januar) ernannte sie eine Regierungs-Commission aus neun R\u00e4then, an deren Spitze der Gebirgshauptmann Ulrich Matsch stand. Pl\u00f6tzlich traf der Herzog Rudolf IV. von \u00d6sterreich, vermutlich von seiner Schwester Margaretha, des Herzogs Mainhard Witwe, und von deren Schwiegermutter, Margaretha Maultasche, herbeigerufen, in Botzen ein und \u00fcberredete letztere, da\u00df sie, ihrem vormals (1359) gegebenen Versprechen getreu, ihn und seine zwei noch lebenden Br\u00fcder Leopold III. und Albrecht III., in einer (zu Botzen am 26. Februar 1363 gegebenen) Urkunde als Erben Tirols einsetzte. Damit erkl\u00e4rte sich die Bev\u00f6lkerung Tirols einverstanden, und Stephan II. von Niederbayern-Landshut, der erst Mitte Februars 1363 von einem Besuche des pf\u00e4lzischen Kurf\u00fcrsten Rupert I. aus Heidelberg zur\u00fcckkehrte, sah sich so auf die \u00dcbernahme Oberbayerns beschr\u00e4nkt, dessen St\u00e4nde ihm (am 26. Februar 1363) zu Freysing huldigten. Um kein Mittel, Tirol an sich zu bringen, unversucht zu lassen, trat er bei Kaiser Karl IV. zu N\u00fcrnberg klagend wieder seine Schw\u00e4gerin Margaretha und die \u00f6sterreichischen Herz\u00f6ge auf, fand aber kein geneigtes Geh\u00f6r, weil der \u00f6sterreichische Herzog Rudolf IV. eine Tochter Kaiser Karls IV., Katherina, zur Frau hatte. Im Unmute griff nun <a href=\"https:\/\/www.ewigerbund.org\/bayern\/geschichte\/ober-und-niederbayern-unter-stephan-ii\/\">Stephan<\/a> zu Schwerte und besiegte die \u00f6sterreichischen Herz\u00f6ge innerhalb sieben Jahren f\u00fcnf mal (1363, 1364, 1365, 1368 und 1369), aber nie mit besonderem Erfolg. Im Siebten Jahre (29.September 1369) vermittelten im Auftrage Karls IV. der rheinische Kurf\u00fcrst Rupert I. und der Erzbischof Piligrim von Salzburg zu Sch\u00e4rding den Frieden.<\/p>\n\n\n\n<p>Die \u00f6sterreichischen Herz\u00f6ge erhielten Tirol, der<a href=\"https:\/\/www.ewigerbund.org\/bayern\/geschichte\/ober-und-niederbayern-unter-stephan-ii\/\"> Herzog Stephan II. von Niederbayern-Landshut<\/a> erhielt nur die der Margaretha Maultasche als Wittibgut verschriebenen Herrschaften Rattenberg, Kufstein, Kitzb\u00fchel, die (seit 1356) an die \u00f6sterreichischen Herz\u00f6ge verpf\u00e4ndete Festung Sch\u00e4rding, Buch und Wei\u00dfenhorn in Schwaben <a href=\"#fussnote_**\">**)<\/a> und die Verhei\u00dfung einer Summe von 116.000 Goldgulden, die aber nie bezahlt wurden.<\/p>\n\n\n\n<p>Margaretha Maultasche, welche schon im Jahre 1363 (Urkunde gez. zu Botzen am 19. September 1363, zu Meran am 1. Oktober desselben Jahres best\u00e4tigt) die Regierung Tirols an dem Herzog Rudolf IV. von \u00d6sterreich abgetreten und seit dieser Zeit in Wien gelebt hatte, starb dort am 3. Oktober 1363 und wurde im Kloster zum heiligen Kreuz beigesetzt. Ihre Schwiegertochter Margaretha war gegen vier Jahre fr\u00fcher (14. Januar 1366) zu Br\u00fcnn gestorben. Diese hatte sich im Laufe des Tiroler-Erbfolgestreites (26. Februar 1364) dem Bruder Kaiser Karls IV., dem Markgrafen Johann Heinrich von M\u00e4hren, demselben, mit dem ihre Schwiegermutter Margaretha schon vor zweiundzwanzig Jahren in putativer Ehe gelebt hatte, antrauen lassen, damit dem Hause Habsburg in der Behauptung Tirols und Unterst\u00fctzung des Kaisers nicht entgehe.<\/p>\n\n\n<div class=\"gb-button-wrapper gb-button-wrapper-e26eda82\">\n\n<a class=\"gb-button gb-button-96bcb135 gb-button-text\" href=\"https:\/\/forum.bayern.ewigerbund.org\/viewtopic.php?t=391\" target=\"_blank\" rel=\"noopener noreferrer\">Dieser Beitrag hat dir gefallen? Hier kommentieren.<\/a>\n\n<\/div>\n\n\n<p class=\"has-small-font-size\" id=\"fussnote_*\">*) Nach Arnpeckh zu Stamms.<\/p>\n\n\n\n<p class=\"has-small-font-size\" id=\"fussnote_**\">**) Buch und Wei\u00dfenhorn in Schwaben geh\u00f6rt zum R\u00fccklasse des Grafen Berchtold von Reyssen, dessen Erbtochter Anna 1343 mit Friedrich, dem Sohne <a href=\"https:\/\/www.ewigerbund.org\/bayern\/geschichte\/ober-und-niederbayern-unter-stephan-ii\/\">Herzogs Stephan II. von Niederbayern-Landshut<\/a>, verehelicht war.<\/p>\n\n\n\n<p class=\"has-small-font-size\"><em>Quelle: Lehrbuch der bayerischen Geschichte f\u00fcr Gymnasien und zum Selbstunterricht bearbeitet von Kr. By. Sattler M\u00fcnchen, 1868. J. Lindauer`sche Buchhandlung, Seite 158-160.<\/em><\/p>\n\n<\/div><\/div>","protected":false},"excerpt":{"rendered":"<p>1361-1363. Oberbayern und Tirol unter Mainhard. Nach dem Tode Ludwigs V. entstanden wegen der Nachfolge seines Sohnes Mainhard (1361-1363), eines bereits achtzehnj\u00e4hrigen Prinzen, gro\u00dfe Streitigkeiten, an denen nicht nur alle bayerischen F\u00fcrsten, sondern auch der Herzog Rudolf IV. von \u00d6sterreich, Mainhards Schwager, und Kaiser Karl IV. Antheil nahmen. Mainhard, ein in der Regierungskunst ganz unerfahrener &#8230; <a title=\"1361-1363. Oberbayern und Tirol unter Mainhard.\" class=\"read-more\" href=\"https:\/\/www.ewigerbund.org\/bayern\/geschichte\/oberbayern-und-tyrol-unter-mainhard\/\" aria-label=\"Mehr zu 1361-1363. Oberbayern und Tirol unter Mainhard.\">Weiterlesen &#8230;<\/a><\/p>\n","protected":false},"author":1,"featured_media":2869,"parent":215,"menu_order":0,"comment_status":"closed","ping_status":"closed","template":"","meta":{"footnotes":""},"categories":[6,5,7],"tags":[409,442,413,248,221,169,415,416,406,88],"class_list":["post-1283","page","type-page","status-publish","has-post-thumbnail","hentry","category-bayern","category-bundesstaat","category-geschichte","tag-karl-iv","tag-ludwig-v","tag-mainhard","tag-niederbayern","tag-oberbayern","tag-oesterreich","tag-rudolf-iv","tag-rupert-i","tag-stephan-ii","tag-tirol"],"yoast_head":"<!-- This site is optimized with the Yoast SEO plugin v23.1 - https:\/\/yoast.com\/wordpress\/plugins\/seo\/ -->\n<title>1361-1363. Oberbayern und Tirol unter Mainhard. - K\u00f6nigreich Bayern<\/title>\n<meta name=\"robots\" content=\"index, follow, max-snippet:-1, max-image-preview:large, max-video-preview:-1\" \/>\n<link rel=\"canonical\" href=\"https:\/\/www.ewigerbund.org\/bayern\/geschichte\/oberbayern-und-tyrol-unter-mainhard\/\" \/>\n<meta property=\"og:locale\" content=\"de_DE\" \/>\n<meta property=\"og:type\" content=\"article\" \/>\n<meta property=\"og:title\" content=\"1361-1363. Oberbayern und Tirol unter Mainhard. - K\u00f6nigreich Bayern\" \/>\n<meta property=\"og:description\" content=\"1361-1363. Oberbayern und Tirol unter Mainhard. Nach dem Tode Ludwigs V. entstanden wegen der Nachfolge seines Sohnes Mainhard (1361-1363), eines bereits achtzehnj\u00e4hrigen Prinzen, gro\u00dfe Streitigkeiten, an denen nicht nur alle bayerischen F\u00fcrsten, sondern auch der Herzog Rudolf IV. von \u00d6sterreich, Mainhards Schwager, und Kaiser Karl IV. Antheil nahmen. Mainhard, ein in der Regierungskunst ganz unerfahrener ... Weiterlesen ...\" \/>\n<meta property=\"og:url\" content=\"https:\/\/www.ewigerbund.org\/bayern\/geschichte\/oberbayern-und-tyrol-unter-mainhard\/\" \/>\n<meta property=\"og:site_name\" content=\"K\u00f6nigreich Bayern\" \/>\n<meta property=\"article:modified_time\" content=\"2023-07-19T22:52:40+00:00\" \/>\n<meta property=\"og:image\" content=\"https:\/\/www.ewigerbund.org\/bayern\/wp-content\/uploads\/sites\/12\/2023\/06\/Oberbayern_und_Tyrol_unter_Mainhard-1024x580-1.jpg\" \/>\n\t<meta property=\"og:image:width\" content=\"1024\" \/>\n\t<meta property=\"og:image:height\" content=\"580\" \/>\n\t<meta property=\"og:image:type\" content=\"image\/jpeg\" \/>\n<meta name=\"twitter:card\" content=\"summary_large_image\" \/>\n<meta name=\"twitter:label1\" content=\"Gesch\u00e4tzte Lesezeit\" \/>\n\t<meta name=\"twitter:data1\" content=\"5\u00a0Minuten\" \/>\n<script type=\"application\/ld+json\" class=\"yoast-schema-graph\">{\"@context\":\"https:\/\/schema.org\",\"@graph\":[{\"@type\":\"WebPage\",\"@id\":\"https:\/\/www.ewigerbund.org\/bayern\/geschichte\/oberbayern-und-tyrol-unter-mainhard\/\",\"url\":\"https:\/\/www.ewigerbund.org\/bayern\/geschichte\/oberbayern-und-tyrol-unter-mainhard\/\",\"name\":\"1361-1363. Oberbayern und Tirol unter Mainhard. - K\u00f6nigreich Bayern\",\"isPartOf\":{\"@id\":\"https:\/\/www.ewigerbund.org\/bayern\/#website\"},\"primaryImageOfPage\":{\"@id\":\"https:\/\/www.ewigerbund.org\/bayern\/geschichte\/oberbayern-und-tyrol-unter-mainhard\/#primaryimage\"},\"image\":{\"@id\":\"https:\/\/www.ewigerbund.org\/bayern\/geschichte\/oberbayern-und-tyrol-unter-mainhard\/#primaryimage\"},\"thumbnailUrl\":\"https:\/\/www.ewigerbund.org\/bayern\/wp-content\/uploads\/sites\/12\/2023\/06\/Oberbayern_und_Tyrol_unter_Mainhard-1024x580-1.jpg\",\"datePublished\":\"2022-10-30T21:36:10+00:00\",\"dateModified\":\"2023-07-19T22:52:40+00:00\",\"breadcrumb\":{\"@id\":\"https:\/\/www.ewigerbund.org\/bayern\/geschichte\/oberbayern-und-tyrol-unter-mainhard\/#breadcrumb\"},\"inLanguage\":\"de\",\"potentialAction\":[{\"@type\":\"ReadAction\",\"target\":[\"https:\/\/www.ewigerbund.org\/bayern\/geschichte\/oberbayern-und-tyrol-unter-mainhard\/\"]}]},{\"@type\":\"ImageObject\",\"inLanguage\":\"de\",\"@id\":\"https:\/\/www.ewigerbund.org\/bayern\/geschichte\/oberbayern-und-tyrol-unter-mainhard\/#primaryimage\",\"url\":\"https:\/\/www.ewigerbund.org\/bayern\/wp-content\/uploads\/sites\/12\/2023\/06\/Oberbayern_und_Tyrol_unter_Mainhard-1024x580-1.jpg\",\"contentUrl\":\"https:\/\/www.ewigerbund.org\/bayern\/wp-content\/uploads\/sites\/12\/2023\/06\/Oberbayern_und_Tyrol_unter_Mainhard-1024x580-1.jpg\",\"width\":1024,\"height\":580,\"caption\":\"Oberbayern_und_Tyrol_unter_Mainhard-1024x580\"},{\"@type\":\"BreadcrumbList\",\"@id\":\"https:\/\/www.ewigerbund.org\/bayern\/geschichte\/oberbayern-und-tyrol-unter-mainhard\/#breadcrumb\",\"itemListElement\":[{\"@type\":\"ListItem\",\"position\":1,\"name\":\"Startseite\",\"item\":\"https:\/\/www.ewigerbund.org\/bayern\/\"},{\"@type\":\"ListItem\",\"position\":2,\"name\":\"Geschichte\",\"item\":\"https:\/\/www.ewigerbund.org\/bayern\/geschichte\/\"},{\"@type\":\"ListItem\",\"position\":3,\"name\":\"1361-1363. Oberbayern und Tirol unter Mainhard.\"}]},{\"@type\":\"WebSite\",\"@id\":\"https:\/\/www.ewigerbund.org\/bayern\/#website\",\"url\":\"https:\/\/www.ewigerbund.org\/bayern\/\",\"name\":\"K\u00f6nigreich Bayern\",\"description\":\"im ewigen Bund.\",\"publisher\":{\"@id\":\"https:\/\/www.ewigerbund.org\/bayern\/#organization\"},\"potentialAction\":[{\"@type\":\"SearchAction\",\"target\":{\"@type\":\"EntryPoint\",\"urlTemplate\":\"https:\/\/www.ewigerbund.org\/bayern\/?s={search_term_string}\"},\"query-input\":\"required name=search_term_string\"}],\"inLanguage\":\"de\"},{\"@type\":\"Organization\",\"@id\":\"https:\/\/www.ewigerbund.org\/bayern\/#organization\",\"name\":\"K\u00f6nigreich Bayern\",\"url\":\"https:\/\/www.ewigerbund.org\/bayern\/\",\"logo\":{\"@type\":\"ImageObject\",\"inLanguage\":\"de\",\"@id\":\"https:\/\/www.ewigerbund.org\/bayern\/#\/schema\/logo\/image\/\",\"url\":\"https:\/\/www.ewigerbund.org\/bayern\/wp-content\/uploads\/sites\/12\/2023\/02\/2023-02-24-Logo-EB-Bayern-Schutzzone_Schatten_BGweiss_V2_1200px.png\",\"contentUrl\":\"https:\/\/www.ewigerbund.org\/bayern\/wp-content\/uploads\/sites\/12\/2023\/02\/2023-02-24-Logo-EB-Bayern-Schutzzone_Schatten_BGweiss_V2_1200px.png\",\"width\":1200,\"height\":1200,\"caption\":\"K\u00f6nigreich Bayern\"},\"image\":{\"@id\":\"https:\/\/www.ewigerbund.org\/bayern\/#\/schema\/logo\/image\/\"}}]}<\/script>\n<!-- \/ Yoast SEO plugin. -->","yoast_head_json":{"title":"1361-1363. Oberbayern und Tirol unter Mainhard. - K\u00f6nigreich Bayern","robots":{"index":"index","follow":"follow","max-snippet":"max-snippet:-1","max-image-preview":"max-image-preview:large","max-video-preview":"max-video-preview:-1"},"canonical":"https:\/\/www.ewigerbund.org\/bayern\/geschichte\/oberbayern-und-tyrol-unter-mainhard\/","og_locale":"de_DE","og_type":"article","og_title":"1361-1363. Oberbayern und Tirol unter Mainhard. - K\u00f6nigreich Bayern","og_description":"1361-1363. Oberbayern und Tirol unter Mainhard. Nach dem Tode Ludwigs V. entstanden wegen der Nachfolge seines Sohnes Mainhard (1361-1363), eines bereits achtzehnj\u00e4hrigen Prinzen, gro\u00dfe Streitigkeiten, an denen nicht nur alle bayerischen F\u00fcrsten, sondern auch der Herzog Rudolf IV. von \u00d6sterreich, Mainhards Schwager, und Kaiser Karl IV. Antheil nahmen. Mainhard, ein in der Regierungskunst ganz unerfahrener ... Weiterlesen ...","og_url":"https:\/\/www.ewigerbund.org\/bayern\/geschichte\/oberbayern-und-tyrol-unter-mainhard\/","og_site_name":"K\u00f6nigreich Bayern","article_modified_time":"2023-07-19T22:52:40+00:00","og_image":[{"width":1024,"height":580,"url":"https:\/\/www.ewigerbund.org\/bayern\/wp-content\/uploads\/sites\/12\/2023\/06\/Oberbayern_und_Tyrol_unter_Mainhard-1024x580-1.jpg","type":"image\/jpeg"}],"twitter_card":"summary_large_image","twitter_misc":{"Gesch\u00e4tzte Lesezeit":"5\u00a0Minuten"},"schema":{"@context":"https:\/\/schema.org","@graph":[{"@type":"WebPage","@id":"https:\/\/www.ewigerbund.org\/bayern\/geschichte\/oberbayern-und-tyrol-unter-mainhard\/","url":"https:\/\/www.ewigerbund.org\/bayern\/geschichte\/oberbayern-und-tyrol-unter-mainhard\/","name":"1361-1363. Oberbayern und Tirol unter Mainhard. - K\u00f6nigreich Bayern","isPartOf":{"@id":"https:\/\/www.ewigerbund.org\/bayern\/#website"},"primaryImageOfPage":{"@id":"https:\/\/www.ewigerbund.org\/bayern\/geschichte\/oberbayern-und-tyrol-unter-mainhard\/#primaryimage"},"image":{"@id":"https:\/\/www.ewigerbund.org\/bayern\/geschichte\/oberbayern-und-tyrol-unter-mainhard\/#primaryimage"},"thumbnailUrl":"https:\/\/www.ewigerbund.org\/bayern\/wp-content\/uploads\/sites\/12\/2023\/06\/Oberbayern_und_Tyrol_unter_Mainhard-1024x580-1.jpg","datePublished":"2022-10-30T21:36:10+00:00","dateModified":"2023-07-19T22:52:40+00:00","breadcrumb":{"@id":"https:\/\/www.ewigerbund.org\/bayern\/geschichte\/oberbayern-und-tyrol-unter-mainhard\/#breadcrumb"},"inLanguage":"de","potentialAction":[{"@type":"ReadAction","target":["https:\/\/www.ewigerbund.org\/bayern\/geschichte\/oberbayern-und-tyrol-unter-mainhard\/"]}]},{"@type":"ImageObject","inLanguage":"de","@id":"https:\/\/www.ewigerbund.org\/bayern\/geschichte\/oberbayern-und-tyrol-unter-mainhard\/#primaryimage","url":"https:\/\/www.ewigerbund.org\/bayern\/wp-content\/uploads\/sites\/12\/2023\/06\/Oberbayern_und_Tyrol_unter_Mainhard-1024x580-1.jpg","contentUrl":"https:\/\/www.ewigerbund.org\/bayern\/wp-content\/uploads\/sites\/12\/2023\/06\/Oberbayern_und_Tyrol_unter_Mainhard-1024x580-1.jpg","width":1024,"height":580,"caption":"Oberbayern_und_Tyrol_unter_Mainhard-1024x580"},{"@type":"BreadcrumbList","@id":"https:\/\/www.ewigerbund.org\/bayern\/geschichte\/oberbayern-und-tyrol-unter-mainhard\/#breadcrumb","itemListElement":[{"@type":"ListItem","position":1,"name":"Startseite","item":"https:\/\/www.ewigerbund.org\/bayern\/"},{"@type":"ListItem","position":2,"name":"Geschichte","item":"https:\/\/www.ewigerbund.org\/bayern\/geschichte\/"},{"@type":"ListItem","position":3,"name":"1361-1363. Oberbayern und Tirol unter Mainhard."}]},{"@type":"WebSite","@id":"https:\/\/www.ewigerbund.org\/bayern\/#website","url":"https:\/\/www.ewigerbund.org\/bayern\/","name":"K\u00f6nigreich Bayern","description":"im ewigen Bund.","publisher":{"@id":"https:\/\/www.ewigerbund.org\/bayern\/#organization"},"potentialAction":[{"@type":"SearchAction","target":{"@type":"EntryPoint","urlTemplate":"https:\/\/www.ewigerbund.org\/bayern\/?s={search_term_string}"},"query-input":"required name=search_term_string"}],"inLanguage":"de"},{"@type":"Organization","@id":"https:\/\/www.ewigerbund.org\/bayern\/#organization","name":"K\u00f6nigreich Bayern","url":"https:\/\/www.ewigerbund.org\/bayern\/","logo":{"@type":"ImageObject","inLanguage":"de","@id":"https:\/\/www.ewigerbund.org\/bayern\/#\/schema\/logo\/image\/","url":"https:\/\/www.ewigerbund.org\/bayern\/wp-content\/uploads\/sites\/12\/2023\/02\/2023-02-24-Logo-EB-Bayern-Schutzzone_Schatten_BGweiss_V2_1200px.png","contentUrl":"https:\/\/www.ewigerbund.org\/bayern\/wp-content\/uploads\/sites\/12\/2023\/02\/2023-02-24-Logo-EB-Bayern-Schutzzone_Schatten_BGweiss_V2_1200px.png","width":1200,"height":1200,"caption":"K\u00f6nigreich Bayern"},"image":{"@id":"https:\/\/www.ewigerbund.org\/bayern\/#\/schema\/logo\/image\/"}}]}},"_links":{"self":[{"href":"https:\/\/www.ewigerbund.org\/bayern\/wp-json\/wp\/v2\/pages\/1283","targetHints":{"allow":["GET"]}}],"collection":[{"href":"https:\/\/www.ewigerbund.org\/bayern\/wp-json\/wp\/v2\/pages"}],"about":[{"href":"https:\/\/www.ewigerbund.org\/bayern\/wp-json\/wp\/v2\/types\/page"}],"author":[{"embeddable":true,"href":"https:\/\/www.ewigerbund.org\/bayern\/wp-json\/wp\/v2\/users\/1"}],"replies":[{"embeddable":true,"href":"https:\/\/www.ewigerbund.org\/bayern\/wp-json\/wp\/v2\/comments?post=1283"}],"version-history":[{"count":7,"href":"https:\/\/www.ewigerbund.org\/bayern\/wp-json\/wp\/v2\/pages\/1283\/revisions"}],"predecessor-version":[{"id":2223,"href":"https:\/\/www.ewigerbund.org\/bayern\/wp-json\/wp\/v2\/pages\/1283\/revisions\/2223"}],"up":[{"embeddable":true,"href":"https:\/\/www.ewigerbund.org\/bayern\/wp-json\/wp\/v2\/pages\/215"}],"wp:featuredmedia":[{"embeddable":true,"href":"https:\/\/www.ewigerbund.org\/bayern\/wp-json\/wp\/v2\/media\/2869"}],"wp:attachment":[{"href":"https:\/\/www.ewigerbund.org\/bayern\/wp-json\/wp\/v2\/media?parent=1283"}],"wp:term":[{"taxonomy":"category","embeddable":true,"href":"https:\/\/www.ewigerbund.org\/bayern\/wp-json\/wp\/v2\/categories?post=1283"},{"taxonomy":"post_tag","embeddable":true,"href":"https:\/\/www.ewigerbund.org\/bayern\/wp-json\/wp\/v2\/tags?post=1283"}],"curies":[{"name":"wp","href":"https:\/\/api.w.org\/{rel}","templated":true}]}}