{"id":1256,"date":"2022-10-22T19:56:51","date_gmt":"2022-10-22T17:56:51","guid":{"rendered":"https:\/\/www.ewigerbund.org\/bayern\/?page_id=1256"},"modified":"2023-10-10T23:38:21","modified_gmt":"2023-10-10T21:38:21","slug":"der-boehmerwald","status":"publish","type":"page","link":"https:\/\/www.ewigerbund.org\/bayern\/geographie\/der-boehmerwald\/","title":{"rendered":"Der B\u00f6hmerwald."},"content":{"rendered":"\n<p>Der B\u00f6hmerwald, welcher s\u00fcdlich von Eger beginnt und sich in s\u00fcd\u00f6stlicher Richtung noch \u00fcber die bayerische Grenze hinaus erstreckt, ist ein Mittelgebirge mit welliger Oberfl\u00e4che und starker Bewaldung.<\/p>\n\n\n\n<h2 class=\"gb-headline gb-headline-ae447f17 gb-headline-text\"><strong>I. Gliederung.<\/strong><\/h2>\n\n\n\n<p>Durch eine Senke, welche nach dem St\u00e4dtchen Furth (im Wald) als Further Pforte bezeichnet wird, zerf\u00e4llt der B\u00f6hmerwald in einen s\u00fcdlichen und einen n\u00f6rdlichen Teil. Der s\u00fcdliche Teil wird wieder durch einen bis 10 km breiten Landstreifen geschieden in den Vorderen oder Bayerischen Wald mit den Dreitannenriegel (1200 m) und den Hinteren Wald mit den h\u00f6chsten Erhebungen des ganzen Gebirgszuges: Arber (1500 m), Rachel (1450 m) und Dreisesselberg. In diesem Teile des Waldes kommt \u00fcberhaupt dessen gebirgige Natur am entschiedensten zur Geltung. Der n\u00f6rdlich der Further Pforte sich erstreckende Teil hei\u00dft der Oberpf\u00e4lzer Wald. Westlich vom Oberpf\u00e4lzer Wald Iehnt sich ein schmales Vorland an, durch welches das Gebirge vom fr\u00e4nkischen Jura getrennt wird. Es hei\u00dft auch die Oberpf\u00e4lzische Ebene und ist die n\u00f6rdliche Fortsetzung des Alpenvorlandes. Der s\u00fcdliche Teil des Waldes geh\u00f6rt fast ganz zum Kreise Niederbayern, der n\u00f6rdliche samt seinem Vorlande zur Oberpfalz.<\/p>\n\n\n\n<h2 class=\"gb-headline gb-headline-d475da64 gb-headline-text\"><strong>II. Bew\u00e4sserung.<\/strong><\/h2>\n\n\n\n<p>Die Gew\u00e4sser des Gebirges gehen teils zur Donau, teils nach B\u00f6hmen zur Elbe. Die Wasserscheide bilden der Oberpf\u00e4lzer und der Hintere Wald. \u2013 Die dem Oberpf\u00e4lzer Walde entspringenden Gew\u00e4sser werden in der Naab gesammelt, die an der Westgrenze des Gebirges entlang flie\u00dft und im allgemeinen eine s\u00fcdliche Richtung einh\u00e4lt. Von rechts empf\u00e4ngt sie die Vils. \u2013 Die Abfl\u00fcsse des Hinteren Waldes werden gr\u00f6\u00dftenteils durch den Vorderen Wald gehindert, sich direkt in die Donau zu ergie\u00dfen. Ein Teil derselben wird von der Ilz gesammelt, die bei Passau in die Donau m\u00fcndet. Der gr\u00f6\u00dfere Teil aber sammelt sich im Regen, der erst in der Senke zwischen Vorderem und Hinterem Walde nach Nordwesten flie\u00dft, dann aber seine Richtung \u00e4ndert und durch die Ausl\u00e4ufer des Vorderen Waldes in s\u00fcdlicher Richtung zur Donau geht.<\/p>\n\n\n\n<h2 class=\"gb-headline gb-headline-9fcef624 gb-headline-text\"><strong>III. Klima.<\/strong><\/h2>\n\n\n\n<p>Das Klima des B\u00f6hmerwaldgebirges stimmt mit dem der Alpen ziemlich \u00fcberein. Nur die Th\u00e4ler der Naab, des Regen und der Ilz erfreuen sich g\u00fcnstigerer Witterungsverh\u00e4ltnisse. Auch die Niederschl\u00e4ge fallen reichlich, besonders im Vorderen und Hinteren Walde.<\/p>\n\n\n\n<h2 class=\"gb-headline gb-headline-d37c10fe gb-headline-text\"><strong>IV. Bev\u00f6lkerung.<\/strong><\/h2>\n\n\n\n<p>Die Bev\u00f6lkerung sinkt nirgends unter 40-60 E. per qkm trotz der vielfach ung\u00fcnstigen Erwerbsverh\u00e4ltnisse. Nicht unwichtig ist die Gewinnung von Graphit und Porzellanerde in der Gegend von Passau; doch finden hierdurch nur wenige hundert Menschen den Lebensunterhalt. \u2013 Bergbau auf Eisenerze wird nur mehr sp\u00e4rlich betrieben, am st\u00e4rksten noch in der Gegend von Bodenmais am Fu\u00dfe des Arber. \u2013 Von Industriezweigen hat sich bisher nur einer ans\u00e4ssig gemacht, die seit Jahrhunderten eingef\u00fchrte Glasfabrikation und Spiegelmanufaktur*, besonders in der Gegend von Regen am Fu\u00dfe des Arber, sowie bei Vohenstrau\u00df im Oberpf\u00e4lzer Walde.<\/p>\n\n\n\n<p>Der Haupterwerb ist der landwirtschaftliche; doch herrscht im Bereiche des Oberpf\u00e4lzer Waldes, wo der Wald mehr gelichtet ist als im S\u00fcden, die Feldwirtschaft vor; im s\u00fcdlichen Teile die Waldwirtschaft. Die Bewohner leben \u00fcbrigens gro\u00dfenteils in \u00e4rmlichen Verh\u00e4ltnissen. Im Norden ist der Boden wenig ergiebig und noch dazu sehr zerst\u00fcckelt, im S\u00fcden liegt der Wald fast ganz in den H\u00e4nden des Staates, so da\u00df die Bev\u00f6lkerung fast nur vom Taglohn lebt. Besser als im B\u00f6hmerwalde gestalten sich die Erwerbsverh\u00e4ltnisse auf dem schmalen Vorlande des Gebirges. <\/p>\n\n\n\n<p>In der Gegend von Amberg und Schwandorf vereinigen sich n\u00e4mlich Kohlenfl\u00f6ze des Naabgebietes mit reichen Eisenerzlagern des ansto\u00dfenden fr\u00e4nkischen Jura. Es sind daher die nat\u00fcrlichen Vorbedingungen f\u00fcr Bergbau und Industrie weit mehr gegeben als in dem angrenzenden Waldgebirge. In der Maximiliansh\u00fctte, zwischen Regensburg und Schwandorf, hat sich denn auch eine gro\u00dfartige Eisenindustrie entwickelt. Auch der Ackerbau wird durch Boden und Klima mehr beg\u00fcnstigt als im h\u00f6hergelegenen Walde.<\/p>\n\n\n\n<p>Die Bev\u00f6lkerung des Gebirges wie des Vorlandes ist, abgesehen vom Sulzbacher Gebiete, dessen Bewohner sich zum Protestantismus bekennen, katholisch.<\/p>\n\n\n\n<h2 class=\"gb-headline gb-headline-13b3880f gb-headline-text\"><strong>V. Wohnorte.<\/strong><\/h2>\n\n\n\n<p>Recht unbedeutend sind die Ortschaften des Vorderen, Hinteren und Oberpf\u00e4lzer Waldes. Der wichtigste Platz ist hier wohl der niederbayerische Markt Zwiesel in der N\u00e4he des Arber mit 3100 Einwohnern. \u2013 In der Further Senke liegen die uralten St\u00e4dtchen Cham am Regen, 3500 E., und Furth (im Wald), 4600 E. \u2013 An der Naab: Weiden, 5500 E., und Schwandorf, 4100 E.; beide Orte sind Eisenbahnknotenpunkte. \u2013 An der Vils: Amberg, 16000 E. mit einer k\u00f6niglichen Gewehrfabrik und wichtigen Eisenwerken in der Umgebung. \u2013 An den Ufern der Vils: Sulzbach, 4700 E. \u2013 Mit Ausnahme von Zwiesel liegen all diese genannten Orte in der Oberpfalz.<\/p>\n\n\n\n<h2 class=\"gb-headline gb-headline-290a2fae gb-headline-text\"><strong>VI. Verkehrslinien.<\/strong><\/h2>\n\n\n\n<p>In dem Vorlande des B\u00f6hmerwaldes l\u00e4uft eine Eisenbahnlinie von Regensburg \u00fcber Schwandorf und Weiden nach dem b\u00f6hmischen Orte Eger; sie vermittelt den Verkehr zwischen dem Alpenvorlande und Norddeutschland. Das Gebirge selbst wird in der Further Senke durch eine von Schwandorf abzweigende Linie durchzogen; auf ihr bewegt sich der Verkehr zwischen der Donau-Hochebene und B\u00f6hmen. \u2013 Von der s\u00fcdn\u00f6rdlichen Linie gehen noch weitere Linien aus, so Regensburg &#8211; N\u00fcrnberg, Schwandorf &#8211; N\u00fcrnberg und Weiden &#8211; Bayreuth. Die beiden ersteren durchsetzen den Jura, die letztere zieht in dem Vorlande zwischen Jura und Fichtelgebirge. \u2013 Im s\u00fcdlichen Teil des B\u00f6hmerwaldes vermittelt die Verbindung mit B\u00f6hmen die nach Eisenstein f\u00fchrende Linie.<\/p>\n\n\n\n<p>* Manufaktur (w\u00f6rtlich: Handarbeit) &#8211; Fabrikation \u00fcberhaupt, insbesonders solche ohne Maschinen.<\/p>\n\n\n\n<p class=\"has-small-font-size\">Quellen:<\/p>\n\n\n\n<p class=\"has-small-font-size\"><em>Geographie f. Volksschulen v. Dr. Michael Geistbeck. Verlag v. R. Oldenbourg.<\/em><\/p>\n\n\n\n<p class=\"has-small-font-size\"><em>Abteilung f\u00fcr Schulb\u00fccher. F\u00fcnfte, durchgesehene Auflage. M\u00fcnchen. 1890. Erster Teil.<\/em><\/p>\n\n\n\n<p class=\"has-small-font-size\"><em>Das K\u00f6nigreich Bayern. Seite 17-19.<\/em><\/p>\n","protected":false},"excerpt":{"rendered":"<p>Der B\u00f6hmerwald, welcher s\u00fcdlich von Eger beginnt und sich in s\u00fcd\u00f6stlicher Richtung noch \u00fcber die bayerische Grenze hinaus erstreckt, ist ein Mittelgebirge mit welliger Oberfl\u00e4che und starker Bewaldung. I. Gliederung. Durch eine Senke, welche nach dem St\u00e4dtchen Furth (im Wald) als Further Pforte bezeichnet wird, zerf\u00e4llt der B\u00f6hmerwald in einen s\u00fcdlichen und einen n\u00f6rdlichen Teil. &#8230; <a title=\"Der B\u00f6hmerwald.\" class=\"read-more\" href=\"https:\/\/www.ewigerbund.org\/bayern\/geographie\/der-boehmerwald\/\" aria-label=\"Mehr zu Der B\u00f6hmerwald.\">Weiterlesen &#8230;<\/a><\/p>\n","protected":false},"author":1,"featured_media":2794,"parent":262,"menu_order":0,"comment_status":"closed","ping_status":"closed","template":"template-6-beide-seitenleiste.php","meta":{"footnotes":""},"categories":[8],"tags":[386,49,404,400,48,392,388,389,401,391,402,394,174,385,393,248,61,291,390,397,387,399,57,398,396,403],"class_list":["post-1256","page","type-page","status-publish","has-post-thumbnail","hentry","category-geographie","tag-arber","tag-bayerischer-wald","tag-bayreuth","tag-bergbau","tag-boehmerwald","tag-donau","tag-dreisesselberg","tag-dreitannenriegel","tag-eisenerz","tag-fraenkischer-jura","tag-glasmanufaktur","tag-ilz","tag-landwirtschaft","tag-mittelgebirge","tag-naab","tag-niederbayern","tag-nuernberg","tag-oberpfalz","tag-oberpfaelzer-wald","tag-passau","tag-rachel","tag-regen","tag-regensburg","tag-schwandorf","tag-vils","tag-weiden"],"yoast_head":"<!-- This site is optimized with the Yoast SEO plugin v23.1 - https:\/\/yoast.com\/wordpress\/plugins\/seo\/ -->\n<title>Der B\u00f6hmerwald. - K\u00f6nigreich Bayern<\/title>\n<meta name=\"description\" content=\"Der B\u00f6hmerwald ist ein Mittelgebirge mit welliger Oberfl\u00e4che und starker Bewaldung. Der B\u00f6hmerwald, welcher s\u00fcdlich von Eger beg...\" \/>\n<meta name=\"robots\" content=\"index, follow, max-snippet:-1, max-image-preview:large, max-video-preview:-1\" \/>\n<link rel=\"canonical\" href=\"https:\/\/www.ewigerbund.org\/bayern\/geographie\/der-boehmerwald\/\" \/>\n<meta property=\"og:locale\" content=\"de_DE\" \/>\n<meta property=\"og:type\" content=\"article\" \/>\n<meta property=\"og:title\" content=\"Der B\u00f6hmerwald. - K\u00f6nigreich Bayern\" \/>\n<meta property=\"og:description\" content=\"Der B\u00f6hmerwald ist ein Mittelgebirge mit welliger Oberfl\u00e4che und starker Bewaldung. Der B\u00f6hmerwald, welcher s\u00fcdlich von Eger beg...\" \/>\n<meta property=\"og:url\" content=\"https:\/\/www.ewigerbund.org\/bayern\/geographie\/der-boehmerwald\/\" \/>\n<meta property=\"og:site_name\" content=\"K\u00f6nigreich Bayern\" \/>\n<meta property=\"article:modified_time\" content=\"2023-10-10T21:38:21+00:00\" \/>\n<meta property=\"og:image\" content=\"https:\/\/www.ewigerbund.org\/bayern\/wp-content\/uploads\/sites\/12\/2023\/06\/Der_Boehmerwald.jpg\" \/>\n\t<meta property=\"og:image:width\" content=\"1200\" \/>\n\t<meta property=\"og:image:height\" content=\"680\" \/>\n\t<meta property=\"og:image:type\" content=\"image\/jpeg\" \/>\n<meta name=\"twitter:card\" content=\"summary_large_image\" \/>\n<meta name=\"twitter:label1\" content=\"Gesch\u00e4tzte Lesezeit\" \/>\n\t<meta name=\"twitter:data1\" content=\"5\u00a0Minuten\" \/>\n<script type=\"application\/ld+json\" class=\"yoast-schema-graph\">{\"@context\":\"https:\/\/schema.org\",\"@graph\":[{\"@type\":\"WebPage\",\"@id\":\"https:\/\/www.ewigerbund.org\/bayern\/geographie\/der-boehmerwald\/\",\"url\":\"https:\/\/www.ewigerbund.org\/bayern\/geographie\/der-boehmerwald\/\",\"name\":\"Der B\u00f6hmerwald. - K\u00f6nigreich Bayern\",\"isPartOf\":{\"@id\":\"https:\/\/www.ewigerbund.org\/bayern\/#website\"},\"primaryImageOfPage\":{\"@id\":\"https:\/\/www.ewigerbund.org\/bayern\/geographie\/der-boehmerwald\/#primaryimage\"},\"image\":{\"@id\":\"https:\/\/www.ewigerbund.org\/bayern\/geographie\/der-boehmerwald\/#primaryimage\"},\"thumbnailUrl\":\"https:\/\/www.ewigerbund.org\/bayern\/wp-content\/uploads\/sites\/12\/2023\/06\/Der_Boehmerwald.jpg\",\"datePublished\":\"2022-10-22T17:56:51+00:00\",\"dateModified\":\"2023-10-10T21:38:21+00:00\",\"description\":\"Der B\u00f6hmerwald ist ein Mittelgebirge mit welliger Oberfl\u00e4che und starker Bewaldung. Der B\u00f6hmerwald, welcher s\u00fcdlich von Eger beg...\",\"breadcrumb\":{\"@id\":\"https:\/\/www.ewigerbund.org\/bayern\/geographie\/der-boehmerwald\/#breadcrumb\"},\"inLanguage\":\"de\",\"potentialAction\":[{\"@type\":\"ReadAction\",\"target\":[\"https:\/\/www.ewigerbund.org\/bayern\/geographie\/der-boehmerwald\/\"]}]},{\"@type\":\"ImageObject\",\"inLanguage\":\"de\",\"@id\":\"https:\/\/www.ewigerbund.org\/bayern\/geographie\/der-boehmerwald\/#primaryimage\",\"url\":\"https:\/\/www.ewigerbund.org\/bayern\/wp-content\/uploads\/sites\/12\/2023\/06\/Der_Boehmerwald.jpg\",\"contentUrl\":\"https:\/\/www.ewigerbund.org\/bayern\/wp-content\/uploads\/sites\/12\/2023\/06\/Der_Boehmerwald.jpg\",\"width\":1200,\"height\":680,\"caption\":\"Der_Boehmerwald\"},{\"@type\":\"BreadcrumbList\",\"@id\":\"https:\/\/www.ewigerbund.org\/bayern\/geographie\/der-boehmerwald\/#breadcrumb\",\"itemListElement\":[{\"@type\":\"ListItem\",\"position\":1,\"name\":\"Startseite\",\"item\":\"https:\/\/www.ewigerbund.org\/bayern\/\"},{\"@type\":\"ListItem\",\"position\":2,\"name\":\"Geographie.\",\"item\":\"https:\/\/www.ewigerbund.org\/bayern\/geographie\/\"},{\"@type\":\"ListItem\",\"position\":3,\"name\":\"Der B\u00f6hmerwald.\"}]},{\"@type\":\"WebSite\",\"@id\":\"https:\/\/www.ewigerbund.org\/bayern\/#website\",\"url\":\"https:\/\/www.ewigerbund.org\/bayern\/\",\"name\":\"K\u00f6nigreich Bayern\",\"description\":\"im ewigen Bund.\",\"publisher\":{\"@id\":\"https:\/\/www.ewigerbund.org\/bayern\/#organization\"},\"potentialAction\":[{\"@type\":\"SearchAction\",\"target\":{\"@type\":\"EntryPoint\",\"urlTemplate\":\"https:\/\/www.ewigerbund.org\/bayern\/?s={search_term_string}\"},\"query-input\":\"required name=search_term_string\"}],\"inLanguage\":\"de\"},{\"@type\":\"Organization\",\"@id\":\"https:\/\/www.ewigerbund.org\/bayern\/#organization\",\"name\":\"K\u00f6nigreich Bayern\",\"url\":\"https:\/\/www.ewigerbund.org\/bayern\/\",\"logo\":{\"@type\":\"ImageObject\",\"inLanguage\":\"de\",\"@id\":\"https:\/\/www.ewigerbund.org\/bayern\/#\/schema\/logo\/image\/\",\"url\":\"https:\/\/www.ewigerbund.org\/bayern\/wp-content\/uploads\/sites\/12\/2023\/02\/2023-02-24-Logo-EB-Bayern-Schutzzone_Schatten_BGweiss_V2_1200px.png\",\"contentUrl\":\"https:\/\/www.ewigerbund.org\/bayern\/wp-content\/uploads\/sites\/12\/2023\/02\/2023-02-24-Logo-EB-Bayern-Schutzzone_Schatten_BGweiss_V2_1200px.png\",\"width\":1200,\"height\":1200,\"caption\":\"K\u00f6nigreich Bayern\"},\"image\":{\"@id\":\"https:\/\/www.ewigerbund.org\/bayern\/#\/schema\/logo\/image\/\"}}]}<\/script>\n<!-- \/ Yoast SEO plugin. -->","yoast_head_json":{"title":"Der B\u00f6hmerwald. - K\u00f6nigreich Bayern","description":"Der B\u00f6hmerwald ist ein Mittelgebirge mit welliger Oberfl\u00e4che und starker Bewaldung. Der B\u00f6hmerwald, welcher s\u00fcdlich von Eger beg...","robots":{"index":"index","follow":"follow","max-snippet":"max-snippet:-1","max-image-preview":"max-image-preview:large","max-video-preview":"max-video-preview:-1"},"canonical":"https:\/\/www.ewigerbund.org\/bayern\/geographie\/der-boehmerwald\/","og_locale":"de_DE","og_type":"article","og_title":"Der B\u00f6hmerwald. - K\u00f6nigreich Bayern","og_description":"Der B\u00f6hmerwald ist ein Mittelgebirge mit welliger Oberfl\u00e4che und starker Bewaldung. Der B\u00f6hmerwald, welcher s\u00fcdlich von Eger beg...","og_url":"https:\/\/www.ewigerbund.org\/bayern\/geographie\/der-boehmerwald\/","og_site_name":"K\u00f6nigreich Bayern","article_modified_time":"2023-10-10T21:38:21+00:00","og_image":[{"width":1200,"height":680,"url":"https:\/\/www.ewigerbund.org\/bayern\/wp-content\/uploads\/sites\/12\/2023\/06\/Der_Boehmerwald.jpg","type":"image\/jpeg"}],"twitter_card":"summary_large_image","twitter_misc":{"Gesch\u00e4tzte Lesezeit":"5\u00a0Minuten"},"schema":{"@context":"https:\/\/schema.org","@graph":[{"@type":"WebPage","@id":"https:\/\/www.ewigerbund.org\/bayern\/geographie\/der-boehmerwald\/","url":"https:\/\/www.ewigerbund.org\/bayern\/geographie\/der-boehmerwald\/","name":"Der B\u00f6hmerwald. - K\u00f6nigreich Bayern","isPartOf":{"@id":"https:\/\/www.ewigerbund.org\/bayern\/#website"},"primaryImageOfPage":{"@id":"https:\/\/www.ewigerbund.org\/bayern\/geographie\/der-boehmerwald\/#primaryimage"},"image":{"@id":"https:\/\/www.ewigerbund.org\/bayern\/geographie\/der-boehmerwald\/#primaryimage"},"thumbnailUrl":"https:\/\/www.ewigerbund.org\/bayern\/wp-content\/uploads\/sites\/12\/2023\/06\/Der_Boehmerwald.jpg","datePublished":"2022-10-22T17:56:51+00:00","dateModified":"2023-10-10T21:38:21+00:00","description":"Der B\u00f6hmerwald ist ein Mittelgebirge mit welliger Oberfl\u00e4che und starker Bewaldung. Der B\u00f6hmerwald, welcher s\u00fcdlich von Eger beg...","breadcrumb":{"@id":"https:\/\/www.ewigerbund.org\/bayern\/geographie\/der-boehmerwald\/#breadcrumb"},"inLanguage":"de","potentialAction":[{"@type":"ReadAction","target":["https:\/\/www.ewigerbund.org\/bayern\/geographie\/der-boehmerwald\/"]}]},{"@type":"ImageObject","inLanguage":"de","@id":"https:\/\/www.ewigerbund.org\/bayern\/geographie\/der-boehmerwald\/#primaryimage","url":"https:\/\/www.ewigerbund.org\/bayern\/wp-content\/uploads\/sites\/12\/2023\/06\/Der_Boehmerwald.jpg","contentUrl":"https:\/\/www.ewigerbund.org\/bayern\/wp-content\/uploads\/sites\/12\/2023\/06\/Der_Boehmerwald.jpg","width":1200,"height":680,"caption":"Der_Boehmerwald"},{"@type":"BreadcrumbList","@id":"https:\/\/www.ewigerbund.org\/bayern\/geographie\/der-boehmerwald\/#breadcrumb","itemListElement":[{"@type":"ListItem","position":1,"name":"Startseite","item":"https:\/\/www.ewigerbund.org\/bayern\/"},{"@type":"ListItem","position":2,"name":"Geographie.","item":"https:\/\/www.ewigerbund.org\/bayern\/geographie\/"},{"@type":"ListItem","position":3,"name":"Der B\u00f6hmerwald."}]},{"@type":"WebSite","@id":"https:\/\/www.ewigerbund.org\/bayern\/#website","url":"https:\/\/www.ewigerbund.org\/bayern\/","name":"K\u00f6nigreich Bayern","description":"im ewigen Bund.","publisher":{"@id":"https:\/\/www.ewigerbund.org\/bayern\/#organization"},"potentialAction":[{"@type":"SearchAction","target":{"@type":"EntryPoint","urlTemplate":"https:\/\/www.ewigerbund.org\/bayern\/?s={search_term_string}"},"query-input":"required name=search_term_string"}],"inLanguage":"de"},{"@type":"Organization","@id":"https:\/\/www.ewigerbund.org\/bayern\/#organization","name":"K\u00f6nigreich Bayern","url":"https:\/\/www.ewigerbund.org\/bayern\/","logo":{"@type":"ImageObject","inLanguage":"de","@id":"https:\/\/www.ewigerbund.org\/bayern\/#\/schema\/logo\/image\/","url":"https:\/\/www.ewigerbund.org\/bayern\/wp-content\/uploads\/sites\/12\/2023\/02\/2023-02-24-Logo-EB-Bayern-Schutzzone_Schatten_BGweiss_V2_1200px.png","contentUrl":"https:\/\/www.ewigerbund.org\/bayern\/wp-content\/uploads\/sites\/12\/2023\/02\/2023-02-24-Logo-EB-Bayern-Schutzzone_Schatten_BGweiss_V2_1200px.png","width":1200,"height":1200,"caption":"K\u00f6nigreich Bayern"},"image":{"@id":"https:\/\/www.ewigerbund.org\/bayern\/#\/schema\/logo\/image\/"}}]}},"_links":{"self":[{"href":"https:\/\/www.ewigerbund.org\/bayern\/wp-json\/wp\/v2\/pages\/1256","targetHints":{"allow":["GET"]}}],"collection":[{"href":"https:\/\/www.ewigerbund.org\/bayern\/wp-json\/wp\/v2\/pages"}],"about":[{"href":"https:\/\/www.ewigerbund.org\/bayern\/wp-json\/wp\/v2\/types\/page"}],"author":[{"embeddable":true,"href":"https:\/\/www.ewigerbund.org\/bayern\/wp-json\/wp\/v2\/users\/1"}],"replies":[{"embeddable":true,"href":"https:\/\/www.ewigerbund.org\/bayern\/wp-json\/wp\/v2\/comments?post=1256"}],"version-history":[{"count":3,"href":"https:\/\/www.ewigerbund.org\/bayern\/wp-json\/wp\/v2\/pages\/1256\/revisions"}],"predecessor-version":[{"id":4096,"href":"https:\/\/www.ewigerbund.org\/bayern\/wp-json\/wp\/v2\/pages\/1256\/revisions\/4096"}],"up":[{"embeddable":true,"href":"https:\/\/www.ewigerbund.org\/bayern\/wp-json\/wp\/v2\/pages\/262"}],"wp:featuredmedia":[{"embeddable":true,"href":"https:\/\/www.ewigerbund.org\/bayern\/wp-json\/wp\/v2\/media\/2794"}],"wp:attachment":[{"href":"https:\/\/www.ewigerbund.org\/bayern\/wp-json\/wp\/v2\/media?parent=1256"}],"wp:term":[{"taxonomy":"category","embeddable":true,"href":"https:\/\/www.ewigerbund.org\/bayern\/wp-json\/wp\/v2\/categories?post=1256"},{"taxonomy":"post_tag","embeddable":true,"href":"https:\/\/www.ewigerbund.org\/bayern\/wp-json\/wp\/v2\/tags?post=1256"}],"curies":[{"name":"wp","href":"https:\/\/api.w.org\/{rel}","templated":true}]}}