{"id":1023,"date":"2022-09-02T18:41:15","date_gmt":"2022-09-02T16:41:15","guid":{"rendered":"https:\/\/www.ewigerbund.org\/bayern\/?page_id=1023"},"modified":"2023-12-16T20:37:25","modified_gmt":"2023-12-16T19:37:25","slug":"karl-theodor-kurfuerst-von-bayern","status":"publish","type":"page","link":"https:\/\/www.ewigerbund.org\/bayern\/geschichte\/karl-theodor-kurfuerst-von-bayern\/","title":{"rendered":"1777-1799. Karl Theodor, Kurf\u00fcrst von Bayern."},"content":{"rendered":"<div class=\"gb-container gb-container-bdda539f\"><div class=\"gb-inside-container\">\n<div style=\"padding:57% 0 0 0;position:relative;\"><iframe src=\"https:\/\/player.vimeo.com\/video\/832692373?h=24a2ebc1de&amp;badge=0&amp;autopause=0&amp;player_id=0&amp;app_id=58479\" allow=\"autoplay; fullscreen; picture-in-picture\" allowfullscreen=\"\" style=\"position:absolute;top:0;left:0;width:100%;height:100%;\" frameborder=\"0\"><\/iframe><\/div><script src=\"https:\/\/player.vimeo.com\/api\/player.js\"><\/script>\n\n<\/div><\/div>\n\n\n<p><\/p>\n\n\n<div class=\"gb-container gb-container-9adeee79\"><div class=\"gb-inside-container\">\n\n<div class=\"wp-block-columns is-layout-flex wp-container-core-columns-is-layout-1 wp-block-columns-is-layout-flex\">\n<div class=\"wp-block-column is-layout-flow wp-block-column-is-layout-flow\" style=\"flex-basis:100%\"><div class=\"gb-container gb-container-3592d8ed\"><div class=\"gb-inside-container\"><\/div><\/div><\/div>\n<\/div>\n\n\n\n<div class=\"wp-block-columns is-layout-flex wp-container-core-columns-is-layout-4 wp-block-columns-is-layout-flex\">\n<div class=\"wp-block-column is-vertically-aligned-center is-layout-flow wp-block-column-is-layout-flow\" style=\"flex-basis:100%\">\n<div class=\"wp-block-group\"><div class=\"wp-block-group__inner-container is-layout-constrained wp-block-group-is-layout-constrained\">\n<div class=\"wp-block-columns is-layout-flex wp-container-core-columns-is-layout-2 wp-block-columns-is-layout-flex\">\n<div class=\"wp-block-column is-layout-flow wp-block-column-is-layout-flow\" style=\"flex-basis:100%\"><div class=\"gb-grid-wrapper gb-grid-wrapper-d904d292\"><\/div><\/div>\n<\/div>\n<\/div><\/div>\n\n\n<div class=\"gb-container gb-container-0ae58977\"><div class=\"gb-inside-container\">\n\n<div class=\"wp-block-columns is-layout-flex wp-container-core-columns-is-layout-3 wp-block-columns-is-layout-flex\">\n<div class=\"wp-block-column is-vertically-aligned-top is-layout-flow wp-block-column-is-layout-flow\"><div class=\"wp-block-image\">\n<figure class=\"alignright size-full\"><img loading=\"lazy\" decoding=\"async\" width=\"150\" height=\"150\" src=\"https:\/\/www.ewigerbund.org\/bayern\/wp-content\/uploads\/sites\/12\/2023\/08\/Kopfhoerer.png\" alt=\"\" class=\"wp-image-3325\" \/><\/figure><\/div><\/div>\n\n\n\n<div class=\"wp-block-column is-vertically-aligned-center is-layout-flow wp-block-column-is-layout-flow\">\n<figure class=\"wp-block-audio\"><audio controls src=\"https:\/\/www.ewigerbund.org\/bayern\/wp-content\/uploads\/sites\/12\/2023\/07\/Karl-Theodor-gesamt.mp3\"><\/audio><\/figure>\n\n\n\n<p class=\"has-text-align-center\"><strong>Artikel anh\u00f6ren<\/strong><\/p>\n<\/div>\n\n\n\n<div class=\"wp-block-column is-layout-flow wp-block-column-is-layout-flow\"><\/div>\n<\/div>\n\n<\/div><\/div><\/div>\n<\/div>\n\n<\/div><\/div>\n\n\n<p>Karl Theodor hatte bereits 35 Jahre in der Pfalz regiert und sich dort pr\u00e4chtige Wohnsitze geschaffen, als ihm Bayern als ein unverhofftes Erbe zufiel. Nur ungern entschlo\u00df er sich, seine bisherige Residenz Mannheim mit M\u00fcnchen zu tauschen.<\/p>\n\n\n\n<p>Da er ohne erbberechtigte Nachkommen war, gewann ihn Kaiser Joseph II. leicht f\u00fcr seinen Plan, s\u00e4mtliche Bayern unter einem Herrscherhause zu vereinigen. Ohne Widerstand besetzten die \u00d6sterreicher Niederbayern und die Oberpfalz, denen sp\u00e4ter die \u00fcbrigen Teile Kurbayerns folgen sollten. Der Einspruch der n\u00e4chstberechtigten Vertreter der Linie Zweibr\u00fccken-Birkenfeld, die sich gegen die Schm\u00e4lerung ihres zuk\u00fcnftigen Erbes verwahrten, blieb erfolglos.<\/p>\n\n\n<div class=\"gb-container gb-container-fe94f818\">\n\n<p>Da war es <a href=\"https:\/\/www.ewigerbund.org\/geschichte\/18-jahrhundert\/1712-1756-friedrich-der-grosse\/\">Friedrich der Gro\u00dfe<\/a>, der kraftvoll und entschieden f\u00fcr die Erhaltung des bayerischen Staates eintrat, mit einem Heere in B\u00f6hmen einr\u00fcckte und so den bayerischen Erbfolgekrieg (1778\u20141779) er\u00f6ffnete. Dieser endete nach einigen unbedeutenden Gefechten mit dem Frieden zu Teschen (\u00f6sterreichisch Schlesien), durch den Bayern das Innviertel mit Braunau an \u00d6sterreich verlor.<\/p>\n\n<\/div>\n\n\n<p>Auch mit dem Gedanken, Bayern gegen die \u00f6sterreichischen Niederlande zu vertauschen, hatte sich Karl Theodor getragen und ihn erst aufgegeben, als Friedrich der Gro\u00dfe durch die Gr\u00fcndung des deutschen F\u00fcrstenbundes (1785) Joseph II. zur endg\u00fcltigen Aufgabe seiner auf die Erwerbung Bayerns gerichteten Pl\u00e4ne zwang.<\/p>\n\n\n<div class=\"gb-container gb-container-61e6b9ba\">\n\n<p>Die Entfremdung zwischen dem bayerischen Volke und seinem F\u00fcrsten hatte sich von Jahr zu Jahr verst\u00e4rkt. Aber obwohl sich der Kurf\u00fcrst dem altbayerischen Volksstamme wenig geneigt zeigte, wirkte er doch in vielen Beziehungen f\u00f6rderlich f\u00fcr das Aufbl\u00fchen des geerbten Landes. Die Bestrebungen Maximilians III., den Wohlstand des Volkes zu heben, setzte er erfolgreich fort: Er lie\u00df das Donaumoos teilweise entw\u00e4ssern, f\u00f6rderte den Kleebau sowie die Bienen- und Seidenzucht, sorgte f\u00fcr die Verbesserung der Verkehrswege und hob den Bergbau und das Salinenwesen durch kluge Ma\u00dfnahmen. In M\u00fcnchen legte er den Englischen Garten an, wobei ihm besonders der Amerikaner <a href=\"https:\/\/www.ewigerbund.org\/bayern\/geschichte\/1743-1814-graf-rumford\/\">Graf von Rumford<\/a> wirksam zur Seite stand. Auch Kunst und Wissenschaft fanden in ihm einen eifrigen F\u00f6rderer und G\u00f6nner.<\/p>\n\n\n\n<p>Karl Theodor stirbt am 16. Februar 1799 in seiner M\u00fcnchner Residenz. Sein Erbe wird Maximilian IV., der sp\u00e4tere K\u00f6nig <a href=\"https:\/\/www.ewigerbund.org\/bayern\/geschichte\/koenig-maximilian-i-von-bayern\/\">Maximilian I. Joseph.<\/a><\/p>\n\n<\/div>\n\n<div class=\"gb-button-wrapper gb-button-wrapper-ecf28c35\">\n\n<a class=\"gb-button gb-button-fde1d925 gb-button-text\" href=\"https:\/\/forum.bayern.ewigerbund.org\/viewtopic.php?t=321\" target=\"_blank\" rel=\"noopener noreferrer\">Dieser Beitrag hat dir gefallen? Hier kommentieren.<\/a>\n\n<\/div>\n\n\n<p><\/p>\n\n\n\n<p class=\"has-small-font-size\"><em>Quelle: Bayerisches Realienbuch. Bearbeitet von Dr. Hans Reinlein, Oberlehrer in M\u00fcnchen Realienbuch Nr. 63, 171. Bis 180 Gesamt-Auflage. Bielefeld und Leipzig 1915, Seite 101-102.<\/em><\/p>\n","protected":false},"excerpt":{"rendered":"<p>Artikel anh\u00f6ren Karl Theodor hatte bereits 35 Jahre in der Pfalz regiert und sich dort pr\u00e4chtige Wohnsitze geschaffen, als ihm Bayern als ein unverhofftes Erbe zufiel. Nur ungern entschlo\u00df er sich, seine bisherige Residenz Mannheim mit M\u00fcnchen zu tauschen. Da er ohne erbberechtigte Nachkommen war, gewann ihn Kaiser Joseph II. leicht f\u00fcr seinen Plan, s\u00e4mtliche &#8230; <a title=\"1777-1799. Karl Theodor, Kurf\u00fcrst von Bayern.\" class=\"read-more\" href=\"https:\/\/www.ewigerbund.org\/bayern\/geschichte\/karl-theodor-kurfuerst-von-bayern\/\" aria-label=\"Mehr zu 1777-1799. Karl Theodor, Kurf\u00fcrst von Bayern.\">Weiterlesen &#8230;<\/a><\/p>\n","protected":false},"author":16,"featured_media":2882,"parent":215,"menu_order":15,"comment_status":"closed","ping_status":"closed","template":"template-6-beide-seitenleiste.php","meta":{"footnotes":""},"categories":[6,5,7],"tags":[228,226,43,227,169],"class_list":["post-1023","page","type-page","status-publish","has-post-thumbnail","hentry","category-bayern","category-bundesstaat","category-geschichte","tag-fuerstenbund","tag-karl-theodor","tag-koenigreich-bayern","tag-kurfuerst-von-bayern","tag-oesterreich"],"yoast_head":"<!-- This site is optimized with the Yoast SEO plugin v23.1 - https:\/\/yoast.com\/wordpress\/plugins\/seo\/ -->\n<title>1777-1799. Karl Theodor, Kurf\u00fcrst von Bayern. - K\u00f6nigreich Bayern<\/title>\n<meta name=\"description\" content=\"Karl Theodor hatte bereits 35 Jahre in der Pfalz regiert und sich dort pr\u00e4chtige Wohnsitze geschaffen, als ihm Bayern als ein unverhofftes...\" \/>\n<meta name=\"robots\" content=\"index, follow, max-snippet:-1, max-image-preview:large, max-video-preview:-1\" \/>\n<link rel=\"canonical\" href=\"https:\/\/www.ewigerbund.org\/bayern\/geschichte\/karl-theodor-kurfuerst-von-bayern\/\" \/>\n<meta property=\"og:locale\" content=\"de_DE\" \/>\n<meta property=\"og:type\" content=\"article\" \/>\n<meta property=\"og:title\" content=\"1777-1799. Karl Theodor, Kurf\u00fcrst von Bayern. - K\u00f6nigreich Bayern\" \/>\n<meta property=\"og:description\" content=\"Karl Theodor hatte bereits 35 Jahre in der Pfalz regiert und sich dort pr\u00e4chtige Wohnsitze geschaffen, als ihm Bayern als ein unverhofftes...\" \/>\n<meta property=\"og:url\" content=\"https:\/\/www.ewigerbund.org\/bayern\/geschichte\/karl-theodor-kurfuerst-von-bayern\/\" \/>\n<meta property=\"og:site_name\" content=\"K\u00f6nigreich Bayern\" \/>\n<meta property=\"article:modified_time\" content=\"2023-12-16T19:37:25+00:00\" \/>\n<meta property=\"og:image\" content=\"https:\/\/www.ewigerbund.org\/bayern\/wp-content\/uploads\/sites\/12\/2023\/06\/1777-1799_Karl_Theodor_Kurfuerst_von_Bayern-1024x580-1.jpg\" \/>\n\t<meta property=\"og:image:width\" content=\"1024\" \/>\n\t<meta property=\"og:image:height\" content=\"580\" \/>\n\t<meta property=\"og:image:type\" content=\"image\/jpeg\" \/>\n<meta name=\"twitter:card\" content=\"summary_large_image\" \/>\n<meta name=\"twitter:label1\" content=\"Gesch\u00e4tzte Lesezeit\" \/>\n\t<meta name=\"twitter:data1\" content=\"3\u00a0Minuten\" \/>\n<script type=\"application\/ld+json\" class=\"yoast-schema-graph\">{\"@context\":\"https:\/\/schema.org\",\"@graph\":[{\"@type\":\"WebPage\",\"@id\":\"https:\/\/www.ewigerbund.org\/bayern\/geschichte\/karl-theodor-kurfuerst-von-bayern\/\",\"url\":\"https:\/\/www.ewigerbund.org\/bayern\/geschichte\/karl-theodor-kurfuerst-von-bayern\/\",\"name\":\"1777-1799. Karl Theodor, Kurf\u00fcrst von Bayern. - K\u00f6nigreich Bayern\",\"isPartOf\":{\"@id\":\"https:\/\/www.ewigerbund.org\/bayern\/#website\"},\"primaryImageOfPage\":{\"@id\":\"https:\/\/www.ewigerbund.org\/bayern\/geschichte\/karl-theodor-kurfuerst-von-bayern\/#primaryimage\"},\"image\":{\"@id\":\"https:\/\/www.ewigerbund.org\/bayern\/geschichte\/karl-theodor-kurfuerst-von-bayern\/#primaryimage\"},\"thumbnailUrl\":\"https:\/\/www.ewigerbund.org\/bayern\/wp-content\/uploads\/sites\/12\/2023\/06\/1777-1799_Karl_Theodor_Kurfuerst_von_Bayern-1024x580-1.jpg\",\"datePublished\":\"2022-09-02T16:41:15+00:00\",\"dateModified\":\"2023-12-16T19:37:25+00:00\",\"description\":\"Karl Theodor hatte bereits 35 Jahre in der Pfalz regiert und sich dort pr\u00e4chtige Wohnsitze geschaffen, als ihm Bayern als ein unverhofftes...\",\"breadcrumb\":{\"@id\":\"https:\/\/www.ewigerbund.org\/bayern\/geschichte\/karl-theodor-kurfuerst-von-bayern\/#breadcrumb\"},\"inLanguage\":\"de\",\"potentialAction\":[{\"@type\":\"ReadAction\",\"target\":[\"https:\/\/www.ewigerbund.org\/bayern\/geschichte\/karl-theodor-kurfuerst-von-bayern\/\"]}]},{\"@type\":\"ImageObject\",\"inLanguage\":\"de\",\"@id\":\"https:\/\/www.ewigerbund.org\/bayern\/geschichte\/karl-theodor-kurfuerst-von-bayern\/#primaryimage\",\"url\":\"https:\/\/www.ewigerbund.org\/bayern\/wp-content\/uploads\/sites\/12\/2023\/06\/1777-1799_Karl_Theodor_Kurfuerst_von_Bayern-1024x580-1.jpg\",\"contentUrl\":\"https:\/\/www.ewigerbund.org\/bayern\/wp-content\/uploads\/sites\/12\/2023\/06\/1777-1799_Karl_Theodor_Kurfuerst_von_Bayern-1024x580-1.jpg\",\"width\":1024,\"height\":580,\"caption\":\"1777-1799_Karl_Theodor_Kurfuerst_von_Bayern-1024x580\"},{\"@type\":\"BreadcrumbList\",\"@id\":\"https:\/\/www.ewigerbund.org\/bayern\/geschichte\/karl-theodor-kurfuerst-von-bayern\/#breadcrumb\",\"itemListElement\":[{\"@type\":\"ListItem\",\"position\":1,\"name\":\"Startseite\",\"item\":\"https:\/\/www.ewigerbund.org\/bayern\/\"},{\"@type\":\"ListItem\",\"position\":2,\"name\":\"Geschichte\",\"item\":\"https:\/\/www.ewigerbund.org\/bayern\/geschichte\/\"},{\"@type\":\"ListItem\",\"position\":3,\"name\":\"1777-1799. Karl Theodor, Kurf\u00fcrst von Bayern.\"}]},{\"@type\":\"WebSite\",\"@id\":\"https:\/\/www.ewigerbund.org\/bayern\/#website\",\"url\":\"https:\/\/www.ewigerbund.org\/bayern\/\",\"name\":\"K\u00f6nigreich Bayern\",\"description\":\"im ewigen Bund.\",\"publisher\":{\"@id\":\"https:\/\/www.ewigerbund.org\/bayern\/#organization\"},\"potentialAction\":[{\"@type\":\"SearchAction\",\"target\":{\"@type\":\"EntryPoint\",\"urlTemplate\":\"https:\/\/www.ewigerbund.org\/bayern\/?s={search_term_string}\"},\"query-input\":\"required name=search_term_string\"}],\"inLanguage\":\"de\"},{\"@type\":\"Organization\",\"@id\":\"https:\/\/www.ewigerbund.org\/bayern\/#organization\",\"name\":\"K\u00f6nigreich Bayern\",\"url\":\"https:\/\/www.ewigerbund.org\/bayern\/\",\"logo\":{\"@type\":\"ImageObject\",\"inLanguage\":\"de\",\"@id\":\"https:\/\/www.ewigerbund.org\/bayern\/#\/schema\/logo\/image\/\",\"url\":\"https:\/\/www.ewigerbund.org\/bayern\/wp-content\/uploads\/sites\/12\/2023\/02\/2023-02-24-Logo-EB-Bayern-Schutzzone_Schatten_BGweiss_V2_1200px.png\",\"contentUrl\":\"https:\/\/www.ewigerbund.org\/bayern\/wp-content\/uploads\/sites\/12\/2023\/02\/2023-02-24-Logo-EB-Bayern-Schutzzone_Schatten_BGweiss_V2_1200px.png\",\"width\":1200,\"height\":1200,\"caption\":\"K\u00f6nigreich Bayern\"},\"image\":{\"@id\":\"https:\/\/www.ewigerbund.org\/bayern\/#\/schema\/logo\/image\/\"}}]}<\/script>\n<!-- \/ Yoast SEO plugin. -->","yoast_head_json":{"title":"1777-1799. Karl Theodor, Kurf\u00fcrst von Bayern. - K\u00f6nigreich Bayern","description":"Karl Theodor hatte bereits 35 Jahre in der Pfalz regiert und sich dort pr\u00e4chtige Wohnsitze geschaffen, als ihm Bayern als ein unverhofftes...","robots":{"index":"index","follow":"follow","max-snippet":"max-snippet:-1","max-image-preview":"max-image-preview:large","max-video-preview":"max-video-preview:-1"},"canonical":"https:\/\/www.ewigerbund.org\/bayern\/geschichte\/karl-theodor-kurfuerst-von-bayern\/","og_locale":"de_DE","og_type":"article","og_title":"1777-1799. Karl Theodor, Kurf\u00fcrst von Bayern. - K\u00f6nigreich Bayern","og_description":"Karl Theodor hatte bereits 35 Jahre in der Pfalz regiert und sich dort pr\u00e4chtige Wohnsitze geschaffen, als ihm Bayern als ein unverhofftes...","og_url":"https:\/\/www.ewigerbund.org\/bayern\/geschichte\/karl-theodor-kurfuerst-von-bayern\/","og_site_name":"K\u00f6nigreich Bayern","article_modified_time":"2023-12-16T19:37:25+00:00","og_image":[{"width":1024,"height":580,"url":"https:\/\/www.ewigerbund.org\/bayern\/wp-content\/uploads\/sites\/12\/2023\/06\/1777-1799_Karl_Theodor_Kurfuerst_von_Bayern-1024x580-1.jpg","type":"image\/jpeg"}],"twitter_card":"summary_large_image","twitter_misc":{"Gesch\u00e4tzte Lesezeit":"3\u00a0Minuten"},"schema":{"@context":"https:\/\/schema.org","@graph":[{"@type":"WebPage","@id":"https:\/\/www.ewigerbund.org\/bayern\/geschichte\/karl-theodor-kurfuerst-von-bayern\/","url":"https:\/\/www.ewigerbund.org\/bayern\/geschichte\/karl-theodor-kurfuerst-von-bayern\/","name":"1777-1799. Karl Theodor, Kurf\u00fcrst von Bayern. - K\u00f6nigreich Bayern","isPartOf":{"@id":"https:\/\/www.ewigerbund.org\/bayern\/#website"},"primaryImageOfPage":{"@id":"https:\/\/www.ewigerbund.org\/bayern\/geschichte\/karl-theodor-kurfuerst-von-bayern\/#primaryimage"},"image":{"@id":"https:\/\/www.ewigerbund.org\/bayern\/geschichte\/karl-theodor-kurfuerst-von-bayern\/#primaryimage"},"thumbnailUrl":"https:\/\/www.ewigerbund.org\/bayern\/wp-content\/uploads\/sites\/12\/2023\/06\/1777-1799_Karl_Theodor_Kurfuerst_von_Bayern-1024x580-1.jpg","datePublished":"2022-09-02T16:41:15+00:00","dateModified":"2023-12-16T19:37:25+00:00","description":"Karl Theodor hatte bereits 35 Jahre in der Pfalz regiert und sich dort pr\u00e4chtige Wohnsitze geschaffen, als ihm Bayern als ein unverhofftes...","breadcrumb":{"@id":"https:\/\/www.ewigerbund.org\/bayern\/geschichte\/karl-theodor-kurfuerst-von-bayern\/#breadcrumb"},"inLanguage":"de","potentialAction":[{"@type":"ReadAction","target":["https:\/\/www.ewigerbund.org\/bayern\/geschichte\/karl-theodor-kurfuerst-von-bayern\/"]}]},{"@type":"ImageObject","inLanguage":"de","@id":"https:\/\/www.ewigerbund.org\/bayern\/geschichte\/karl-theodor-kurfuerst-von-bayern\/#primaryimage","url":"https:\/\/www.ewigerbund.org\/bayern\/wp-content\/uploads\/sites\/12\/2023\/06\/1777-1799_Karl_Theodor_Kurfuerst_von_Bayern-1024x580-1.jpg","contentUrl":"https:\/\/www.ewigerbund.org\/bayern\/wp-content\/uploads\/sites\/12\/2023\/06\/1777-1799_Karl_Theodor_Kurfuerst_von_Bayern-1024x580-1.jpg","width":1024,"height":580,"caption":"1777-1799_Karl_Theodor_Kurfuerst_von_Bayern-1024x580"},{"@type":"BreadcrumbList","@id":"https:\/\/www.ewigerbund.org\/bayern\/geschichte\/karl-theodor-kurfuerst-von-bayern\/#breadcrumb","itemListElement":[{"@type":"ListItem","position":1,"name":"Startseite","item":"https:\/\/www.ewigerbund.org\/bayern\/"},{"@type":"ListItem","position":2,"name":"Geschichte","item":"https:\/\/www.ewigerbund.org\/bayern\/geschichte\/"},{"@type":"ListItem","position":3,"name":"1777-1799. Karl Theodor, Kurf\u00fcrst von Bayern."}]},{"@type":"WebSite","@id":"https:\/\/www.ewigerbund.org\/bayern\/#website","url":"https:\/\/www.ewigerbund.org\/bayern\/","name":"K\u00f6nigreich Bayern","description":"im ewigen Bund.","publisher":{"@id":"https:\/\/www.ewigerbund.org\/bayern\/#organization"},"potentialAction":[{"@type":"SearchAction","target":{"@type":"EntryPoint","urlTemplate":"https:\/\/www.ewigerbund.org\/bayern\/?s={search_term_string}"},"query-input":"required name=search_term_string"}],"inLanguage":"de"},{"@type":"Organization","@id":"https:\/\/www.ewigerbund.org\/bayern\/#organization","name":"K\u00f6nigreich Bayern","url":"https:\/\/www.ewigerbund.org\/bayern\/","logo":{"@type":"ImageObject","inLanguage":"de","@id":"https:\/\/www.ewigerbund.org\/bayern\/#\/schema\/logo\/image\/","url":"https:\/\/www.ewigerbund.org\/bayern\/wp-content\/uploads\/sites\/12\/2023\/02\/2023-02-24-Logo-EB-Bayern-Schutzzone_Schatten_BGweiss_V2_1200px.png","contentUrl":"https:\/\/www.ewigerbund.org\/bayern\/wp-content\/uploads\/sites\/12\/2023\/02\/2023-02-24-Logo-EB-Bayern-Schutzzone_Schatten_BGweiss_V2_1200px.png","width":1200,"height":1200,"caption":"K\u00f6nigreich Bayern"},"image":{"@id":"https:\/\/www.ewigerbund.org\/bayern\/#\/schema\/logo\/image\/"}}]}},"_links":{"self":[{"href":"https:\/\/www.ewigerbund.org\/bayern\/wp-json\/wp\/v2\/pages\/1023","targetHints":{"allow":["GET"]}}],"collection":[{"href":"https:\/\/www.ewigerbund.org\/bayern\/wp-json\/wp\/v2\/pages"}],"about":[{"href":"https:\/\/www.ewigerbund.org\/bayern\/wp-json\/wp\/v2\/types\/page"}],"author":[{"embeddable":true,"href":"https:\/\/www.ewigerbund.org\/bayern\/wp-json\/wp\/v2\/users\/16"}],"replies":[{"embeddable":true,"href":"https:\/\/www.ewigerbund.org\/bayern\/wp-json\/wp\/v2\/comments?post=1023"}],"version-history":[{"count":26,"href":"https:\/\/www.ewigerbund.org\/bayern\/wp-json\/wp\/v2\/pages\/1023\/revisions"}],"predecessor-version":[{"id":4874,"href":"https:\/\/www.ewigerbund.org\/bayern\/wp-json\/wp\/v2\/pages\/1023\/revisions\/4874"}],"up":[{"embeddable":true,"href":"https:\/\/www.ewigerbund.org\/bayern\/wp-json\/wp\/v2\/pages\/215"}],"wp:featuredmedia":[{"embeddable":true,"href":"https:\/\/www.ewigerbund.org\/bayern\/wp-json\/wp\/v2\/media\/2882"}],"wp:attachment":[{"href":"https:\/\/www.ewigerbund.org\/bayern\/wp-json\/wp\/v2\/media?parent=1023"}],"wp:term":[{"taxonomy":"category","embeddable":true,"href":"https:\/\/www.ewigerbund.org\/bayern\/wp-json\/wp\/v2\/categories?post=1023"},{"taxonomy":"post_tag","embeddable":true,"href":"https:\/\/www.ewigerbund.org\/bayern\/wp-json\/wp\/v2\/tags?post=1023"}],"curies":[{"name":"wp","href":"https:\/\/api.w.org\/{rel}","templated":true}]}}