{"id":184,"date":"2023-02-13T15:21:59","date_gmt":"2023-02-13T14:21:59","guid":{"rendered":"https:\/\/www.ewigerbund.org\/baden\/?page_id=184"},"modified":"2023-02-13T17:06:48","modified_gmt":"2023-02-13T16:06:48","slug":"material","status":"publish","type":"page","link":"https:\/\/www.ewigerbund.org\/baden\/material\/","title":{"rendered":"Material."},"content":{"rendered":"\n<h2 class=\"wp-block-heading\">Flugbl\u00e4tter des Gro\u00dfherzogtum Baden.<\/h2>\n\n\n\n<p>Suche Dir ein Motiv Deiner Wahl aus, lade Dir die Druckdatei herunter und lasse diese in einer Druckerei Deiner Wahl in der von Dir gew\u00fcnschten Auflage drucken. Egal ob als Postwurf, in Hauseing\u00e4ngen, an Einkaufswagen, Superm\u00e4rkte, schwarze Bretter, \u00f6ffentliche Pl\u00e4tze: Verteilt die Flieger! Die deutsche Ohn-Macht basiert auf auf der Bewu\u00dftlosigkeit der Deutschen und Wissen ist die Voraussetzung f\u00fcr Bewu\u00dftsein. Es ist nun an der Zeit, dass die Badener wieder zu Bewu\u00dftsein kommen, damit wir das Ziel des Friedens erreichen!<\/p>\n\n\n\n<p><strong>Damit hilfst Du uns, Deinen Mitmenschen (und nat\u00fcrlich auch Dir selbst) bei der Vorbereitung zur Reorganisation Badens.<\/strong><\/p>\n\n\n\n<p><em>Alle Flugblatt Druckvorlagen sind im Format A6 quer inkl. 3 mm Anschnitt.<\/em><\/p>\n\n\n\n<hr class=\"wp-block-separator has-alpha-channel-opacity is-style-wide\"\/>\n\n\n\n<div class=\"wp-block-columns is-layout-flex wp-container-core-columns-is-layout-1 wp-block-columns-is-layout-flex\">\n<div class=\"wp-block-column is-layout-flow wp-block-column-is-layout-flow\">\n<figure class=\"wp-block-image size-large\"><img decoding=\"async\" src=\"https:\/\/vhd1.hilfsdienst.net\/wp-content\/uploads\/flugblatt\/Baden\/JPG\/baden_v.jpg\" alt=\"\"\/><\/figure>\n<\/div>\n\n\n\n<div class=\"wp-block-column is-layout-flow wp-block-column-is-layout-flow\">\n<p>Das Flugblatt f\u00fcr Baden wird derzeit \u00fcberarbeitet.<\/p>\n<\/div>\n<\/div>\n","protected":false},"excerpt":{"rendered":"<p>Flugbl\u00e4tter des Gro\u00dfherzogtum Baden. Suche Dir ein Motiv Deiner Wahl aus, lade Dir die Druckdatei herunter und lasse diese in einer Druckerei Deiner Wahl in der von Dir gew\u00fcnschten Auflage drucken. Egal ob als Postwurf, in Hauseing\u00e4ngen, an Einkaufswagen, Superm\u00e4rkte, schwarze Bretter, \u00f6ffentliche Pl\u00e4tze: Verteilt die Flieger! Die deutsche Ohn-Macht basiert auf auf der Bewu\u00dftlosigkeit &#8230; <a title=\"Material.\" class=\"read-more\" href=\"https:\/\/www.ewigerbund.org\/baden\/material\/\" aria-label=\"Mehr zu Material.\">Weiterlesen &#8230;<\/a><\/p>\n","protected":false},"author":16,"featured_media":0,"parent":0,"menu_order":0,"comment_status":"closed","ping_status":"closed","template":"template-6-beide-seitenleiste.php","meta":{"footnotes":""},"categories":[],"tags":[],"class_list":["post-184","page","type-page","status-publish","hentry"],"yoast_head":"<!-- This site is optimized with the Yoast SEO plugin v23.1 - https:\/\/yoast.com\/wordpress\/plugins\/seo\/ -->\n<title>Material. - Gro\u00dfherzogtum Baden<\/title>\n<meta name=\"description\" content=\"Lade Dir die Druckdatei herunter und lasse diese in einer Druckerei Deiner Wahl in der von Dir gew\u00fcnschten Auflage drucken.\" \/>\n<meta name=\"robots\" content=\"index, follow, max-snippet:-1, max-image-preview:large, max-video-preview:-1\" \/>\n<link rel=\"canonical\" href=\"https:\/\/www.ewigerbund.org\/baden\/material\/\" \/>\n<meta property=\"og:locale\" content=\"de_DE\" \/>\n<meta property=\"og:type\" content=\"article\" \/>\n<meta property=\"og:title\" content=\"Material. - Gro\u00dfherzogtum Baden\" \/>\n<meta property=\"og:description\" content=\"Lade Dir die Druckdatei herunter und lasse diese in einer Druckerei Deiner Wahl in der von Dir gew\u00fcnschten Auflage drucken.\" \/>\n<meta property=\"og:url\" content=\"https:\/\/www.ewigerbund.org\/baden\/material\/\" \/>\n<meta property=\"og:site_name\" content=\"Gro\u00dfherzogtum Baden\" \/>\n<meta property=\"article:modified_time\" content=\"2023-02-13T16:06:48+00:00\" \/>\n<meta property=\"og:image\" content=\"https:\/\/vhd1.hilfsdienst.net\/wp-content\/uploads\/flugblatt\/Baden\/JPG\/baden_v.jpg\" \/>\n<meta name=\"twitter:card\" content=\"summary_large_image\" \/>\n<meta name=\"twitter:label1\" content=\"Gesch\u00e4tzte Lesezeit\" \/>\n\t<meta name=\"twitter:data1\" content=\"1\u00a0Minute\" \/>\n<script type=\"application\/ld+json\" class=\"yoast-schema-graph\">{\"@context\":\"https:\/\/schema.org\",\"@graph\":[{\"@type\":\"WebPage\",\"@id\":\"https:\/\/www.ewigerbund.org\/baden\/material\/\",\"url\":\"https:\/\/www.ewigerbund.org\/baden\/material\/\",\"name\":\"Material. - Gro\u00dfherzogtum Baden\",\"isPartOf\":{\"@id\":\"https:\/\/www.ewigerbund.org\/baden\/#website\"},\"primaryImageOfPage\":{\"@id\":\"https:\/\/www.ewigerbund.org\/baden\/material\/#primaryimage\"},\"image\":{\"@id\":\"https:\/\/www.ewigerbund.org\/baden\/material\/#primaryimage\"},\"thumbnailUrl\":\"https:\/\/vhd1.hilfsdienst.net\/wp-content\/uploads\/flugblatt\/Baden\/JPG\/baden_v.jpg\",\"datePublished\":\"2023-02-13T14:21:59+00:00\",\"dateModified\":\"2023-02-13T16:06:48+00:00\",\"description\":\"Lade Dir die Druckdatei herunter und lasse diese in einer Druckerei Deiner Wahl in der von Dir gew\u00fcnschten Auflage drucken.\",\"breadcrumb\":{\"@id\":\"https:\/\/www.ewigerbund.org\/baden\/material\/#breadcrumb\"},\"inLanguage\":\"de\",\"potentialAction\":[{\"@type\":\"ReadAction\",\"target\":[\"https:\/\/www.ewigerbund.org\/baden\/material\/\"]}]},{\"@type\":\"ImageObject\",\"inLanguage\":\"de\",\"@id\":\"https:\/\/www.ewigerbund.org\/baden\/material\/#primaryimage\",\"url\":\"https:\/\/vhd1.hilfsdienst.net\/wp-content\/uploads\/flugblatt\/Baden\/JPG\/baden_v.jpg\",\"contentUrl\":\"https:\/\/vhd1.hilfsdienst.net\/wp-content\/uploads\/flugblatt\/Baden\/JPG\/baden_v.jpg\"},{\"@type\":\"BreadcrumbList\",\"@id\":\"https:\/\/www.ewigerbund.org\/baden\/material\/#breadcrumb\",\"itemListElement\":[{\"@type\":\"ListItem\",\"position\":1,\"name\":\"Startseite\",\"item\":\"https:\/\/www.ewigerbund.org\/baden\/\"},{\"@type\":\"ListItem\",\"position\":2,\"name\":\"Material.\"}]},{\"@type\":\"WebSite\",\"@id\":\"https:\/\/www.ewigerbund.org\/baden\/#website\",\"url\":\"https:\/\/www.ewigerbund.org\/baden\/\",\"name\":\"Gro\u00dfherzogtum Baden\",\"description\":\" im ewigen Bund.\",\"publisher\":{\"@id\":\"https:\/\/www.ewigerbund.org\/baden\/#organization\"},\"potentialAction\":[{\"@type\":\"SearchAction\",\"target\":{\"@type\":\"EntryPoint\",\"urlTemplate\":\"https:\/\/www.ewigerbund.org\/baden\/?s={search_term_string}\"},\"query-input\":\"required name=search_term_string\"}],\"inLanguage\":\"de\"},{\"@type\":\"Organization\",\"@id\":\"https:\/\/www.ewigerbund.org\/baden\/#organization\",\"name\":\"Gro\u00dfherzogtum Baden\",\"url\":\"https:\/\/www.ewigerbund.org\/baden\/\",\"logo\":{\"@type\":\"ImageObject\",\"inLanguage\":\"de\",\"@id\":\"https:\/\/www.ewigerbund.org\/baden\/#\/schema\/logo\/image\/\",\"url\":\"https:\/\/www.ewigerbund.org\/baden\/wp-content\/uploads\/sites\/16\/2024\/11\/2024-11-25-signet-baden-v1-512px.png\",\"contentUrl\":\"https:\/\/www.ewigerbund.org\/baden\/wp-content\/uploads\/sites\/16\/2024\/11\/2024-11-25-signet-baden-v1-512px.png\",\"width\":512,\"height\":512,\"caption\":\"Gro\u00dfherzogtum Baden\"},\"image\":{\"@id\":\"https:\/\/www.ewigerbund.org\/baden\/#\/schema\/logo\/image\/\"}}]}<\/script>\n<!-- \/ Yoast SEO plugin. -->","yoast_head_json":{"title":"Material. - Gro\u00dfherzogtum Baden","description":"Lade Dir die Druckdatei herunter und lasse diese in einer Druckerei Deiner Wahl in der von Dir gew\u00fcnschten Auflage drucken.","robots":{"index":"index","follow":"follow","max-snippet":"max-snippet:-1","max-image-preview":"max-image-preview:large","max-video-preview":"max-video-preview:-1"},"canonical":"https:\/\/www.ewigerbund.org\/baden\/material\/","og_locale":"de_DE","og_type":"article","og_title":"Material. - Gro\u00dfherzogtum Baden","og_description":"Lade Dir die Druckdatei herunter und lasse diese in einer Druckerei Deiner Wahl in der von Dir gew\u00fcnschten Auflage drucken.","og_url":"https:\/\/www.ewigerbund.org\/baden\/material\/","og_site_name":"Gro\u00dfherzogtum Baden","article_modified_time":"2023-02-13T16:06:48+00:00","og_image":[{"url":"https:\/\/vhd1.hilfsdienst.net\/wp-content\/uploads\/flugblatt\/Baden\/JPG\/baden_v.jpg"}],"twitter_card":"summary_large_image","twitter_misc":{"Gesch\u00e4tzte Lesezeit":"1\u00a0Minute"},"schema":{"@context":"https:\/\/schema.org","@graph":[{"@type":"WebPage","@id":"https:\/\/www.ewigerbund.org\/baden\/material\/","url":"https:\/\/www.ewigerbund.org\/baden\/material\/","name":"Material. - Gro\u00dfherzogtum Baden","isPartOf":{"@id":"https:\/\/www.ewigerbund.org\/baden\/#website"},"primaryImageOfPage":{"@id":"https:\/\/www.ewigerbund.org\/baden\/material\/#primaryimage"},"image":{"@id":"https:\/\/www.ewigerbund.org\/baden\/material\/#primaryimage"},"thumbnailUrl":"https:\/\/vhd1.hilfsdienst.net\/wp-content\/uploads\/flugblatt\/Baden\/JPG\/baden_v.jpg","datePublished":"2023-02-13T14:21:59+00:00","dateModified":"2023-02-13T16:06:48+00:00","description":"Lade Dir die Druckdatei herunter und lasse diese in einer Druckerei Deiner Wahl in der von Dir gew\u00fcnschten Auflage drucken.","breadcrumb":{"@id":"https:\/\/www.ewigerbund.org\/baden\/material\/#breadcrumb"},"inLanguage":"de","potentialAction":[{"@type":"ReadAction","target":["https:\/\/www.ewigerbund.org\/baden\/material\/"]}]},{"@type":"ImageObject","inLanguage":"de","@id":"https:\/\/www.ewigerbund.org\/baden\/material\/#primaryimage","url":"https:\/\/vhd1.hilfsdienst.net\/wp-content\/uploads\/flugblatt\/Baden\/JPG\/baden_v.jpg","contentUrl":"https:\/\/vhd1.hilfsdienst.net\/wp-content\/uploads\/flugblatt\/Baden\/JPG\/baden_v.jpg"},{"@type":"BreadcrumbList","@id":"https:\/\/www.ewigerbund.org\/baden\/material\/#breadcrumb","itemListElement":[{"@type":"ListItem","position":1,"name":"Startseite","item":"https:\/\/www.ewigerbund.org\/baden\/"},{"@type":"ListItem","position":2,"name":"Material."}]},{"@type":"WebSite","@id":"https:\/\/www.ewigerbund.org\/baden\/#website","url":"https:\/\/www.ewigerbund.org\/baden\/","name":"Gro\u00dfherzogtum Baden","description":" im ewigen Bund.","publisher":{"@id":"https:\/\/www.ewigerbund.org\/baden\/#organization"},"potentialAction":[{"@type":"SearchAction","target":{"@type":"EntryPoint","urlTemplate":"https:\/\/www.ewigerbund.org\/baden\/?s={search_term_string}"},"query-input":"required name=search_term_string"}],"inLanguage":"de"},{"@type":"Organization","@id":"https:\/\/www.ewigerbund.org\/baden\/#organization","name":"Gro\u00dfherzogtum Baden","url":"https:\/\/www.ewigerbund.org\/baden\/","logo":{"@type":"ImageObject","inLanguage":"de","@id":"https:\/\/www.ewigerbund.org\/baden\/#\/schema\/logo\/image\/","url":"https:\/\/www.ewigerbund.org\/baden\/wp-content\/uploads\/sites\/16\/2024\/11\/2024-11-25-signet-baden-v1-512px.png","contentUrl":"https:\/\/www.ewigerbund.org\/baden\/wp-content\/uploads\/sites\/16\/2024\/11\/2024-11-25-signet-baden-v1-512px.png","width":512,"height":512,"caption":"Gro\u00dfherzogtum Baden"},"image":{"@id":"https:\/\/www.ewigerbund.org\/baden\/#\/schema\/logo\/image\/"}}]}},"_links":{"self":[{"href":"https:\/\/www.ewigerbund.org\/baden\/wp-json\/wp\/v2\/pages\/184","targetHints":{"allow":["GET"]}}],"collection":[{"href":"https:\/\/www.ewigerbund.org\/baden\/wp-json\/wp\/v2\/pages"}],"about":[{"href":"https:\/\/www.ewigerbund.org\/baden\/wp-json\/wp\/v2\/types\/page"}],"author":[{"embeddable":true,"href":"https:\/\/www.ewigerbund.org\/baden\/wp-json\/wp\/v2\/users\/16"}],"replies":[{"embeddable":true,"href":"https:\/\/www.ewigerbund.org\/baden\/wp-json\/wp\/v2\/comments?post=184"}],"version-history":[{"count":3,"href":"https:\/\/www.ewigerbund.org\/baden\/wp-json\/wp\/v2\/pages\/184\/revisions"}],"predecessor-version":[{"id":189,"href":"https:\/\/www.ewigerbund.org\/baden\/wp-json\/wp\/v2\/pages\/184\/revisions\/189"}],"wp:attachment":[{"href":"https:\/\/www.ewigerbund.org\/baden\/wp-json\/wp\/v2\/media?parent=184"}],"wp:term":[{"taxonomy":"category","embeddable":true,"href":"https:\/\/www.ewigerbund.org\/baden\/wp-json\/wp\/v2\/categories?post=184"},{"taxonomy":"post_tag","embeddable":true,"href":"https:\/\/www.ewigerbund.org\/baden\/wp-json\/wp\/v2\/tags?post=184"}],"curies":[{"name":"wp","href":"https:\/\/api.w.org\/{rel}","templated":true}]}}