{"id":147,"date":"2023-02-14T17:53:08","date_gmt":"2023-02-14T16:53:08","guid":{"rendered":"https:\/\/www.ewigerbund.org\/anhalt\/?page_id=147"},"modified":"2023-02-14T17:53:09","modified_gmt":"2023-02-14T16:53:09","slug":"material","status":"publish","type":"page","link":"https:\/\/www.ewigerbund.org\/anhalt\/material\/","title":{"rendered":"Material."},"content":{"rendered":"\n<h2 class=\"wp-block-heading\">Flugbl\u00e4tter des Herzogtum Anhalt.<\/h2>\n\n\n\n<p>Suche Dir ein Motiv Deiner Wahl aus, lade Dir die Druckdatei herunter und lasse diese in einer Druckerei Deiner Wahl in der von Dir gew\u00fcnschten Auflage drucken. Egal ob als Postwurf, in Hauseing\u00e4ngen, an Einkaufswagen, Superm\u00e4rkte, schwarze Bretter, \u00f6ffentliche Pl\u00e4tze: Verteilt die Flieger! Die deutsche Ohn-Macht basiert auf auf der Bewu\u00dftlosigkeit der Deutschen und Wissen ist die Voraussetzung f\u00fcr Bewu\u00dftsein. Es ist nun an der Zeit, dass die Anhaltiner wieder zu Bewu\u00dftsein kommen, damit wir das Ziel des Friedens erreichen!<\/p>\n\n\n\n<p><strong>Damit hilfst Du uns, Deinen Mitmenschen (und nat\u00fcrlich auch Dir selbst) bei der Vorbereitung zur Reorganisation Anhalts.<\/strong><\/p>\n\n\n\n<p><em>Alle Flugblatt Druckvorlagen sind im Format A6 quer inkl. 3 mm Anschnitt.<\/em><\/p>\n","protected":false},"excerpt":{"rendered":"<p>Flugbl\u00e4tter des Herzogtum Anhalt. Suche Dir ein Motiv Deiner Wahl aus, lade Dir die Druckdatei herunter und lasse diese in einer Druckerei Deiner Wahl in der von Dir gew\u00fcnschten Auflage drucken. Egal ob als Postwurf, in Hauseing\u00e4ngen, an Einkaufswagen, Superm\u00e4rkte, schwarze Bretter, \u00f6ffentliche Pl\u00e4tze: Verteilt die Flieger! Die deutsche Ohn-Macht basiert auf auf der Bewu\u00dftlosigkeit &#8230; <a title=\"Material.\" class=\"read-more\" href=\"https:\/\/www.ewigerbund.org\/anhalt\/material\/\" aria-label=\"Mehr zu Material.\">Weiterlesen &#8230;<\/a><\/p>\n","protected":false},"author":16,"featured_media":0,"parent":0,"menu_order":0,"comment_status":"closed","ping_status":"closed","template":"template-6-beide-seitenleiste.php","meta":{"footnotes":""},"categories":[],"tags":[],"class_list":["post-147","page","type-page","status-publish","hentry"],"yoast_head":"<!-- This site is optimized with the Yoast SEO plugin v23.1 - https:\/\/yoast.com\/wordpress\/plugins\/seo\/ -->\n<title>Material. - Herzogtum Anhalt<\/title>\n<meta name=\"description\" content=\"Lade Dir die Druckdatei herunter und lasse diese in einer Druckerei Deiner Wahl in der von Dir gew\u00fcnschten Auflage drucken.\" \/>\n<meta name=\"robots\" content=\"index, follow, max-snippet:-1, max-image-preview:large, max-video-preview:-1\" \/>\n<link rel=\"canonical\" href=\"https:\/\/www.ewigerbund.org\/anhalt\/material\/\" \/>\n<meta property=\"og:locale\" content=\"de_DE\" \/>\n<meta property=\"og:type\" content=\"article\" \/>\n<meta property=\"og:title\" content=\"Material. - Herzogtum Anhalt\" \/>\n<meta property=\"og:description\" content=\"Lade Dir die Druckdatei herunter und lasse diese in einer Druckerei Deiner Wahl in der von Dir gew\u00fcnschten Auflage drucken.\" \/>\n<meta property=\"og:url\" content=\"https:\/\/www.ewigerbund.org\/anhalt\/material\/\" \/>\n<meta property=\"og:site_name\" content=\"Herzogtum Anhalt\" \/>\n<meta property=\"article:modified_time\" content=\"2023-02-14T16:53:09+00:00\" \/>\n<meta name=\"twitter:card\" content=\"summary_large_image\" \/>\n<meta name=\"twitter:label1\" content=\"Gesch\u00e4tzte Lesezeit\" \/>\n\t<meta name=\"twitter:data1\" content=\"1\u00a0Minute\" \/>\n<script type=\"application\/ld+json\" class=\"yoast-schema-graph\">{\"@context\":\"https:\/\/schema.org\",\"@graph\":[{\"@type\":\"WebPage\",\"@id\":\"https:\/\/www.ewigerbund.org\/anhalt\/material\/\",\"url\":\"https:\/\/www.ewigerbund.org\/anhalt\/material\/\",\"name\":\"Material. - Herzogtum Anhalt\",\"isPartOf\":{\"@id\":\"https:\/\/www.ewigerbund.org\/anhalt\/#website\"},\"datePublished\":\"2023-02-14T16:53:08+00:00\",\"dateModified\":\"2023-02-14T16:53:09+00:00\",\"description\":\"Lade Dir die Druckdatei herunter und lasse diese in einer Druckerei Deiner Wahl in der von Dir gew\u00fcnschten Auflage drucken.\",\"breadcrumb\":{\"@id\":\"https:\/\/www.ewigerbund.org\/anhalt\/material\/#breadcrumb\"},\"inLanguage\":\"de\",\"potentialAction\":[{\"@type\":\"ReadAction\",\"target\":[\"https:\/\/www.ewigerbund.org\/anhalt\/material\/\"]}]},{\"@type\":\"BreadcrumbList\",\"@id\":\"https:\/\/www.ewigerbund.org\/anhalt\/material\/#breadcrumb\",\"itemListElement\":[{\"@type\":\"ListItem\",\"position\":1,\"name\":\"Startseite\",\"item\":\"https:\/\/www.ewigerbund.org\/anhalt\/\"},{\"@type\":\"ListItem\",\"position\":2,\"name\":\"Material.\"}]},{\"@type\":\"WebSite\",\"@id\":\"https:\/\/www.ewigerbund.org\/anhalt\/#website\",\"url\":\"https:\/\/www.ewigerbund.org\/anhalt\/\",\"name\":\"Herzogtum Anhalt\",\"description\":\"im Ewigen Bund.\",\"publisher\":{\"@id\":\"https:\/\/www.ewigerbund.org\/anhalt\/#organization\"},\"potentialAction\":[{\"@type\":\"SearchAction\",\"target\":{\"@type\":\"EntryPoint\",\"urlTemplate\":\"https:\/\/www.ewigerbund.org\/anhalt\/?s={search_term_string}\"},\"query-input\":\"required name=search_term_string\"}],\"inLanguage\":\"de\"},{\"@type\":\"Organization\",\"@id\":\"https:\/\/www.ewigerbund.org\/anhalt\/#organization\",\"name\":\"Herzogtum Anhalt\",\"url\":\"https:\/\/www.ewigerbund.org\/anhalt\/\",\"logo\":{\"@type\":\"ImageObject\",\"inLanguage\":\"de\",\"@id\":\"https:\/\/www.ewigerbund.org\/anhalt\/#\/schema\/logo\/image\/\",\"url\":\"https:\/\/www.ewigerbund.org\/anhalt\/wp-content\/uploads\/sites\/24\/2024\/12\/2024-11-25-signet-anhalt-v1-500px.png\",\"contentUrl\":\"https:\/\/www.ewigerbund.org\/anhalt\/wp-content\/uploads\/sites\/24\/2024\/12\/2024-11-25-signet-anhalt-v1-500px.png\",\"width\":500,\"height\":500,\"caption\":\"Herzogtum Anhalt\"},\"image\":{\"@id\":\"https:\/\/www.ewigerbund.org\/anhalt\/#\/schema\/logo\/image\/\"}}]}<\/script>\n<!-- \/ Yoast SEO plugin. -->","yoast_head_json":{"title":"Material. - Herzogtum Anhalt","description":"Lade Dir die Druckdatei herunter und lasse diese in einer Druckerei Deiner Wahl in der von Dir gew\u00fcnschten Auflage drucken.","robots":{"index":"index","follow":"follow","max-snippet":"max-snippet:-1","max-image-preview":"max-image-preview:large","max-video-preview":"max-video-preview:-1"},"canonical":"https:\/\/www.ewigerbund.org\/anhalt\/material\/","og_locale":"de_DE","og_type":"article","og_title":"Material. - Herzogtum Anhalt","og_description":"Lade Dir die Druckdatei herunter und lasse diese in einer Druckerei Deiner Wahl in der von Dir gew\u00fcnschten Auflage drucken.","og_url":"https:\/\/www.ewigerbund.org\/anhalt\/material\/","og_site_name":"Herzogtum Anhalt","article_modified_time":"2023-02-14T16:53:09+00:00","twitter_card":"summary_large_image","twitter_misc":{"Gesch\u00e4tzte Lesezeit":"1\u00a0Minute"},"schema":{"@context":"https:\/\/schema.org","@graph":[{"@type":"WebPage","@id":"https:\/\/www.ewigerbund.org\/anhalt\/material\/","url":"https:\/\/www.ewigerbund.org\/anhalt\/material\/","name":"Material. - Herzogtum Anhalt","isPartOf":{"@id":"https:\/\/www.ewigerbund.org\/anhalt\/#website"},"datePublished":"2023-02-14T16:53:08+00:00","dateModified":"2023-02-14T16:53:09+00:00","description":"Lade Dir die Druckdatei herunter und lasse diese in einer Druckerei Deiner Wahl in der von Dir gew\u00fcnschten Auflage drucken.","breadcrumb":{"@id":"https:\/\/www.ewigerbund.org\/anhalt\/material\/#breadcrumb"},"inLanguage":"de","potentialAction":[{"@type":"ReadAction","target":["https:\/\/www.ewigerbund.org\/anhalt\/material\/"]}]},{"@type":"BreadcrumbList","@id":"https:\/\/www.ewigerbund.org\/anhalt\/material\/#breadcrumb","itemListElement":[{"@type":"ListItem","position":1,"name":"Startseite","item":"https:\/\/www.ewigerbund.org\/anhalt\/"},{"@type":"ListItem","position":2,"name":"Material."}]},{"@type":"WebSite","@id":"https:\/\/www.ewigerbund.org\/anhalt\/#website","url":"https:\/\/www.ewigerbund.org\/anhalt\/","name":"Herzogtum Anhalt","description":"im Ewigen Bund.","publisher":{"@id":"https:\/\/www.ewigerbund.org\/anhalt\/#organization"},"potentialAction":[{"@type":"SearchAction","target":{"@type":"EntryPoint","urlTemplate":"https:\/\/www.ewigerbund.org\/anhalt\/?s={search_term_string}"},"query-input":"required name=search_term_string"}],"inLanguage":"de"},{"@type":"Organization","@id":"https:\/\/www.ewigerbund.org\/anhalt\/#organization","name":"Herzogtum Anhalt","url":"https:\/\/www.ewigerbund.org\/anhalt\/","logo":{"@type":"ImageObject","inLanguage":"de","@id":"https:\/\/www.ewigerbund.org\/anhalt\/#\/schema\/logo\/image\/","url":"https:\/\/www.ewigerbund.org\/anhalt\/wp-content\/uploads\/sites\/24\/2024\/12\/2024-11-25-signet-anhalt-v1-500px.png","contentUrl":"https:\/\/www.ewigerbund.org\/anhalt\/wp-content\/uploads\/sites\/24\/2024\/12\/2024-11-25-signet-anhalt-v1-500px.png","width":500,"height":500,"caption":"Herzogtum Anhalt"},"image":{"@id":"https:\/\/www.ewigerbund.org\/anhalt\/#\/schema\/logo\/image\/"}}]}},"_links":{"self":[{"href":"https:\/\/www.ewigerbund.org\/anhalt\/wp-json\/wp\/v2\/pages\/147","targetHints":{"allow":["GET"]}}],"collection":[{"href":"https:\/\/www.ewigerbund.org\/anhalt\/wp-json\/wp\/v2\/pages"}],"about":[{"href":"https:\/\/www.ewigerbund.org\/anhalt\/wp-json\/wp\/v2\/types\/page"}],"author":[{"embeddable":true,"href":"https:\/\/www.ewigerbund.org\/anhalt\/wp-json\/wp\/v2\/users\/16"}],"replies":[{"embeddable":true,"href":"https:\/\/www.ewigerbund.org\/anhalt\/wp-json\/wp\/v2\/comments?post=147"}],"version-history":[{"count":1,"href":"https:\/\/www.ewigerbund.org\/anhalt\/wp-json\/wp\/v2\/pages\/147\/revisions"}],"predecessor-version":[{"id":148,"href":"https:\/\/www.ewigerbund.org\/anhalt\/wp-json\/wp\/v2\/pages\/147\/revisions\/148"}],"wp:attachment":[{"href":"https:\/\/www.ewigerbund.org\/anhalt\/wp-json\/wp\/v2\/media?parent=147"}],"wp:term":[{"taxonomy":"category","embeddable":true,"href":"https:\/\/www.ewigerbund.org\/anhalt\/wp-json\/wp\/v2\/categories?post=147"},{"taxonomy":"post_tag","embeddable":true,"href":"https:\/\/www.ewigerbund.org\/anhalt\/wp-json\/wp\/v2\/tags?post=147"}],"curies":[{"name":"wp","href":"https:\/\/api.w.org\/{rel}","templated":true}]}}